{"id":214,"date":"2019-01-16T11:25:13","date_gmt":"2019-01-16T10:25:13","guid":{"rendered":"https:\/\/www.yreduktor.eu\/?page_id=214"},"modified":"2019-06-25T11:24:04","modified_gmt":"2019-06-25T09:24:04","slug":"about-yilmaz-reduktor","status":"publish","type":"page","link":"https:\/\/www.yreduktor.eu\/index.php\/en\/yilmaz-reduktor-en\/about-yilmaz-reduktor\/","title":{"rendered":"About Yilmaz Red\u00fckt\u00f6r"},"content":{"rendered":"<div  data-label=\"Cta\" data-id=\"cta--2\" data-export-id=\"cta-centered-bg-section\" data-category=\"cta\" data-section-ov=\"1\" class=\"cta-centered-bg-section content-section content-section-spacing-medium white-text\" data-parallax-depth=\"20\" id=\"cta-2\" style=\"background-color: rgb(255, 255, 255); background-image: none; background-size: cover; background-position: center top;\"><div  class=\"gridContainer\"> <div  class=\"row text-center\"><div  data-type=\"column\" class=\"\">  <h1  class=\"\"><span  style=\"color: rgb(73, 73, 73);\">Yilmaz Red\u00fcktor in a nutshell<\/span><\/h1><p  class=\"\"><span  style=\"color: rgb(73, 73, 73);\">Are you asking why you should choose the Turkish company Yilmaz Red\u00fckt\u00f6r, an unknown on the Czech market? Here are the main competitive advantages.<\/span><\/p><\/div> <\/div><\/div> <\/div><div  data-label=\"Overlappable\" data-id=\"overlappable--1\" data-export-id=\"overlappable-1\" data-category=\"overlappable\" class=\"overlappable-1 content-section content-section-spacing content-relative\" data-overlap=\"true\" id=\"overlappable-1\" style=\"background-color: rgb(255, 255, 255);\"><div  class=\"gridContainer\"> <div  data-type=\"row\" class=\"row shadow-medium\"><div  data-type=\"column\" class=\"col-xs-12 col-sm-4 flexcol bg-color-white col-padding col-padding-small-xs\">   <h2  class=\"\">1958<\/h2><p  class=\"\">Yilmaz Red\u00fcktor was founded in Istanbul in 1958.<br >\r\nToday, it is the largest gearbox manufacturer in Turkey and has an irreplaceable position among world gearbox manufacturers.<\/p> <\/div>   <div  data-type=\"column\" class=\"col-xs-12 col-sm-4 flexcol col-padding col-padding-small-xs bg-color-white\"><img decoding=\"async\"  class=\"custom-image lazyloaded\" src=\"http:\/\/www.yreduktor.eu\/wp-content\/uploads\/2019\/03\/yilmaz_image_pic_3-1.png\" data-lazy-src=\"http:\/\/www.yreduktor.eu\/wp-content\/uploads\/2019\/03\/yilmaz_image_pic_3-1.png\" alt=\"\" title=\"yilmaz_image_pic_3\" data-was-processed=\"true\">    <\/div><div  data-type=\"column\" class=\"col-xs-12 col-sm-4 flexcol col-padding col-padding-small-xs inverted bg-color2\">  <h2  class=\"\">2013<\/h2><p  class=\"\">In 2013, <a  data-mce-href=\"http:\/\/www.elkmotor.cz\" href=\"http:\/\/www.elkmotor.cz\" target=\"_self\" data-mce-selected=\"inline-boundary\" data-cp-link=\"1\" rel=\"noopener noreferrer\" class=\"\">ELK Motor<\/a> was established as a subsidiary of Yilmaz Red\u00fckt\u00f6r. All this in order to expand product lines and specialise solely in electric motors.<\/p> <\/div><div  data-type=\"column\" class=\"col-xs-12 col-sm-4 flexcol col-padding col-padding-small-xs bg-color5\">   <h2  class=\"\"><span  style=\"color: rgb(255, 255, 255);\">High standards<\/span><\/h2><p  class=\"\"><span  style=\"color: rgb(255, 255, 255);\">Not only do they meet high production standards, they also base themselves on having absolute respect for the environment and their employees.\r\n<\/span><br ><br ><span  style=\"color: rgb(255, 255, 255);\">This is evidenced by various certificates and awards including ISO 9001, TSE standards, Declaration of Conformity, ATEX certification and many others.<\/span><\/p> <\/div><div  data-type=\"column\" class=\"col-xs-12 col-sm-4 flexcol col-padding col-padding-small-xs bg-color1\">    <h2  class=\"\"><span  style=\"color: rgb(255, 255, 255);\">Long-term know-how and experience<\/span><\/h2><p  class=\"\"><span  style=\"color: rgb(255, 255, 255);\">For more than 60 years of its existence, it has been a leader in gearbox production both domestically, and around the world.<\/span><\/p><\/div><div  data-type=\"column\" class=\"col-xs-12 col-sm-4 flexcol bg-color-white col-padding col-padding-small-xs\">    <img decoding=\"async\"  class=\"custom-image lazyloaded\" src=\"http:\/\/www.yreduktor.eu\/wp-content\/uploads\/2019\/03\/DR-Parallel-Shaft.jpg\" data-lazy-src=\"http:\/\/www.yreduktor.eu\/wp-content\/uploads\/2019\/03\/DR-Parallel-Shaft.jpg\" alt=\"\" title=\"ploch\u00e9 (paraleln\u00ed) p\u0159evodovky\" data-was-processed=\"true\"><\/div><div  data-type=\"column\" class=\"col-xs-12 col-sm-4 flexcol col-padding col-padding-small-xs inverted bg-color6\"><img decoding=\"async\"  class=\"custom-image lazyloaded\" src=\"http:\/\/www.yreduktor.eu\/wp-content\/uploads\/2019\/03\/yilmaz_image_HP_2.jpg\" data-lazy-src=\"http:\/\/www.yreduktor.eu\/wp-content\/uploads\/2019\/03\/yilmaz_image_HP_2.jpg\" alt=\"\" title=\"yilmaz_image_HP_2\" data-was-processed=\"true\">   <\/div><div  data-type=\"column\" class=\"col-xs-12 col-sm-4 flexcol bg-color-white col-padding col-padding-small-xs\">   <h2  class=\"\">11 types of gearboxes<\/h2><p  class=\"\">The wide product portfolio guarantees a choice of products for every industrial application or operation.<\/p> <a  class=\"button color1\" href=\"index.php\/en\/yilmaz-reduktor-en\/gearboxes\" target=\"_self\" data-cp-link=\"1\" data-icon=\"\" rel=\"noopener noreferrer\">ABOUT GEARBOXES<\/a><\/div><div  data-type=\"column\" class=\"col-xs-12 col-sm-4 flexcol col-padding col-padding-small-xs bg-color1\">   <h2  class=\"\"><span  style=\"color: rgb(255, 255, 255);\">Custom made<\/span><\/h2><p  class=\"\"><span  style=\"color: rgb(255, 255, 255);\">A fully equipped factory with its own R&amp;D centre allows the production of customised gearboxes according to the customer\u2019s exact specifications.<\/span><\/p> <\/div><\/div><\/div> <\/div><div  data-label=\"Gallery\" data-id=\"gallery--1\" data-export-id=\"gallery-2\" data-category=\"gallery\" class=\"gallery-2 content-section content-section-spacing\" id=\"gallery-1\" style=\"background-color: rgb(255, 255, 255); background-image: none;\"><div  class=\"\"> <div  class=\"row\"><div  class=\"col-xs-12 full-no-padding\" data-editable=\"true\" data-content-shortcode=\"mesmerize_gallery id=&quot;mesmerize-gallery-2&quot; columns=&quot;3&quot; ids=&quot;610,1008,609&quot; lb=&quot;1&quot; masonry=&quot;0&quot; size=&quot;medium&quot; link=&quot;file&quot; \"><div id='mesmerize-gallery-2' class='gallery-wrapper'><style type=\"text\/css\">\n                    @media only screen and (min-width: 768px) {\n                    [data-unique-id='mesmerize-gallery-2-69e7da6948f0e'] dl {\n                        float: left;\n                        width: 33.333333333333% !important;\n                        max-width:  33.333333333333% !important;\n                        min-width:  33.333333333333% !important;\n                    }\n\n                    [data-unique-id='mesmerize-gallery-2-69e7da6948f0e'] dl:nth-of-type(3n +1 ) {\n                      clear: both;\n                      }\n                    }\n                <\/style><div id='mesmerize-gallery-2' class='mesmerize-gallery-2-dls-wrapper gallery-items-wrapper materialis-gallery' data-unique-id='mesmerize-gallery-2-69e7da6948f0e'><dl class='gallery-item'>\n\t\t\t<dt class='gallery-icon landscape'>\n\t\t\t\t<a data-fancybox=\"mesmerize-gallery-2-group\" href='https:\/\/www.yreduktor.eu\/wp-content\/uploads\/2019\/02\/yilmaz_image_pic_1_small.png'><img  width=\"300\" height=\"169\" src=\"https:\/\/www.yreduktor.eu\/wp-content\/uploads\/2019\/02\/yilmaz_image_pic_1_small.png\"  class='mesmerize-gallery-2-image' alt=\"\" decoding=\"async\" loading=\"lazy\" \/><\/a>\n\t\t\t<\/dt><\/dl><dl class='gallery-item'>\n\t\t\t<dt class='gallery-icon landscape'>\n\t\t\t\t<a data-fancybox=\"mesmerize-gallery-2-group\" href='https:\/\/www.yreduktor.eu\/wp-content\/uploads\/2019\/03\/yilmaz_image_pic_3-1.png'><img  width=\"300\" height=\"169\" src=\"https:\/\/www.yreduktor.eu\/wp-content\/uploads\/2019\/03\/yilmaz_image_pic_3-1.png\"  class='mesmerize-gallery-2-image' alt=\"\" decoding=\"async\" loading=\"lazy\" \/><\/a>\n\t\t\t<\/dt><\/dl><dl class='gallery-item'>\n\t\t\t<dt class='gallery-icon landscape'>\n\t\t\t\t<a data-fancybox=\"mesmerize-gallery-2-group\" href='https:\/\/www.yreduktor.eu\/wp-content\/uploads\/2019\/02\/yilmaz_hala_small.jpg'><img  width=\"300\" height=\"169\" src=\"https:\/\/www.yreduktor.eu\/wp-content\/uploads\/2019\/02\/yilmaz_hala_small.jpg\"  class='mesmerize-gallery-2-image' alt=\"\" decoding=\"async\" loading=\"lazy\" \/><\/a>\n\t\t\t<\/dt><\/dl>\n\t\t<\/div>\n<script>(function($){window.MaterialisCaptionsGallery && window.MaterialisCaptionsGallery($('[data-unique-id=\"mesmerize-gallery-2-69e7da6948f0e\"]'))})(jQuery)<\/script><\/div><\/div><\/div> <\/div><\/div>","protected":false},"excerpt":{"rendered":"<p>Yilmaz Red\u00fcktor in a nutshellAre you asking why you should choose the Turkish company Yilmaz Red\u00fckt\u00f6r, an unknown on the Czech market? Here are the main competitive advantages. 1958Yilmaz Red\u00fcktor was founded in Istanbul in 1958. Today, it is the largest gearbox manufacturer in Turkey and has an irreplaceable position among world gearbox manufacturers. 2013In&hellip; <br \/> <a class=\"read-more\" href=\"https:\/\/www.yreduktor.eu\/index.php\/en\/yilmaz-reduktor-en\/about-yilmaz-reduktor\/\">Read more<\/a><\/p>\n","protected":false},"author":1,"featured_media":0,"parent":1231,"menu_order":1,"comment_status":"closed","ping_status":"closed","template":"pro\/page-templates\/page-with-small-header.php","meta":{"footnotes":""},"yoast_head":"<!-- This site is optimized with the Yoast SEO plugin v21.3 - https:\/\/yoast.com\/wordpress\/plugins\/seo\/ -->\n<title>About Yilmaz Red\u00fckt\u00f6r - World-known Gearboxes Manufacturer<\/title>\n<meta name=\"description\" content=\"Yilmaz Red\u00fcktor was founded in Istanbul in 1958.Today, it is the largest gearbox manufacturer in Turkey and has an irreplaceable position among world.\" \/>\n<meta name=\"robots\" content=\"index, follow, max-snippet:-1, max-image-preview:large, max-video-preview:-1\" \/>\n<link rel=\"canonical\" href=\"https:\/\/yreduktor.eu\/index.php\/en\/yilmaz-reduktor-en\/about-yilmaz-reduktor\/\" \/>\n<meta property=\"og:locale\" content=\"cs_CZ\" \/>\n<meta property=\"og:type\" content=\"article\" \/>\n<meta property=\"og:title\" content=\"About Yilmaz Red\u00fckt\u00f6r - World-known Gearboxes Manufacturer\" \/>\n<meta property=\"og:description\" content=\"Yilmaz Red\u00fcktor was founded in Istanbul in 1958.Today, it is the largest gearbox manufacturer in Turkey and has an irreplaceable position among world.\" \/>\n<meta property=\"og:url\" content=\"https:\/\/yreduktor.eu\/index.php\/en\/yilmaz-reduktor-en\/about-yilmaz-reduktor\/\" \/>\n<meta property=\"og:site_name\" content=\"Yilmaz Red\u00fckt\u00f6r\" \/>\n<meta property=\"article:modified_time\" content=\"2019-06-25T09:24:04+00:00\" \/>\n<meta property=\"og:image\" content=\"https:\/\/yreduktor.eu\/wp-content\/uploads\/2019\/03\/yilmaz_FB_cover-pic.jpg\" \/>\n\t<meta property=\"og:image:width\" content=\"1200\" \/>\n\t<meta property=\"og:image:height\" content=\"630\" \/>\n\t<meta property=\"og:image:type\" content=\"image\/jpeg\" \/>\n<meta name=\"twitter:card\" content=\"summary_large_image\" \/>\n<meta name=\"twitter:label1\" content=\"Odhadovan\u00e1 doba \u010dten\u00ed\" \/>\n\t<meta name=\"twitter:data1\" content=\"1 minuta\" \/>\n<script type=\"application\/ld+json\" class=\"yoast-schema-graph\">{\"@context\":\"https:\/\/schema.org\",\"@graph\":[{\"@type\":\"WebPage\",\"@id\":\"https:\/\/yreduktor.eu\/index.php\/en\/yilmaz-reduktor-en\/about-yilmaz-reduktor\/\",\"url\":\"https:\/\/yreduktor.eu\/index.php\/en\/yilmaz-reduktor-en\/about-yilmaz-reduktor\/\",\"name\":\"About Yilmaz Red\u00fckt\u00f6r - World-known Gearboxes Manufacturer\",\"isPartOf\":{\"@id\":\"https:\/\/yreduktor.eu\/#website\"},\"datePublished\":\"2019-01-16T10:25:13+00:00\",\"dateModified\":\"2019-06-25T09:24:04+00:00\",\"description\":\"Yilmaz Red\u00fcktor was founded in Istanbul in 1958.Today, it is the largest gearbox manufacturer in Turkey and has an irreplaceable position among world.\",\"breadcrumb\":{\"@id\":\"https:\/\/yreduktor.eu\/index.php\/en\/yilmaz-reduktor-en\/about-yilmaz-reduktor\/#breadcrumb\"},\"inLanguage\":\"cs\",\"potentialAction\":[{\"@type\":\"ReadAction\",\"target\":[\"https:\/\/yreduktor.eu\/index.php\/en\/yilmaz-reduktor-en\/about-yilmaz-reduktor\/\"]}]},{\"@type\":\"BreadcrumbList\",\"@id\":\"https:\/\/yreduktor.eu\/index.php\/en\/yilmaz-reduktor-en\/about-yilmaz-reduktor\/#breadcrumb\",\"itemListElement\":[{\"@type\":\"ListItem\",\"position\":1,\"name\":\"Dom\u016f\",\"item\":\"https:\/\/yreduktor.eu\/\"},{\"@type\":\"ListItem\",\"position\":2,\"name\":\"Yilmaz Red\u00fckt\u00f6r EN\",\"item\":\"https:\/\/yreduktor.eu\/index.php\/en\/\"},{\"@type\":\"ListItem\",\"position\":3,\"name\":\"About Yilmaz Red\u00fckt\u00f6r\"}]},{\"@type\":\"WebSite\",\"@id\":\"https:\/\/yreduktor.eu\/#website\",\"url\":\"https:\/\/yreduktor.eu\/\",\"name\":\"Yilmaz Red\u00fckt\u00f6r\",\"description\":\"P\u0159evodovky Yilmaz v \u010cR.\",\"potentialAction\":[{\"@type\":\"SearchAction\",\"target\":{\"@type\":\"EntryPoint\",\"urlTemplate\":\"https:\/\/yreduktor.eu\/?s={search_term_string}\"},\"query-input\":\"required name=search_term_string\"}],\"inLanguage\":\"cs\"}]}<\/script>\n<!-- \/ Yoast SEO plugin. -->","yoast_head_json":{"title":"About Yilmaz Red\u00fckt\u00f6r - World-known Gearboxes Manufacturer","description":"Yilmaz Red\u00fcktor was founded in Istanbul in 1958.Today, it is the largest gearbox manufacturer in Turkey and has an irreplaceable position among world.","robots":{"index":"index","follow":"follow","max-snippet":"max-snippet:-1","max-image-preview":"max-image-preview:large","max-video-preview":"max-video-preview:-1"},"canonical":"https:\/\/yreduktor.eu\/index.php\/en\/yilmaz-reduktor-en\/about-yilmaz-reduktor\/","og_locale":"cs_CZ","og_type":"article","og_title":"About Yilmaz Red\u00fckt\u00f6r - World-known Gearboxes Manufacturer","og_description":"Yilmaz Red\u00fcktor was founded in Istanbul in 1958.Today, it is the largest gearbox manufacturer in Turkey and has an irreplaceable position among world.","og_url":"https:\/\/yreduktor.eu\/index.php\/en\/yilmaz-reduktor-en\/about-yilmaz-reduktor\/","og_site_name":"Yilmaz Red\u00fckt\u00f6r","article_modified_time":"2019-06-25T09:24:04+00:00","og_image":[{"width":1200,"height":630,"url":"https:\/\/yreduktor.eu\/wp-content\/uploads\/2019\/03\/yilmaz_FB_cover-pic.jpg","type":"image\/jpeg"}],"twitter_card":"summary_large_image","twitter_misc":{"Odhadovan\u00e1 doba \u010dten\u00ed":"1 minuta"},"schema":{"@context":"https:\/\/schema.org","@graph":[{"@type":"WebPage","@id":"https:\/\/yreduktor.eu\/index.php\/en\/yilmaz-reduktor-en\/about-yilmaz-reduktor\/","url":"https:\/\/yreduktor.eu\/index.php\/en\/yilmaz-reduktor-en\/about-yilmaz-reduktor\/","name":"About Yilmaz Red\u00fckt\u00f6r - World-known Gearboxes Manufacturer","isPartOf":{"@id":"https:\/\/yreduktor.eu\/#website"},"datePublished":"2019-01-16T10:25:13+00:00","dateModified":"2019-06-25T09:24:04+00:00","description":"Yilmaz Red\u00fcktor was founded in Istanbul in 1958.Today, it is the largest gearbox manufacturer in Turkey and has an irreplaceable position among world.","breadcrumb":{"@id":"https:\/\/yreduktor.eu\/index.php\/en\/yilmaz-reduktor-en\/about-yilmaz-reduktor\/#breadcrumb"},"inLanguage":"cs","potentialAction":[{"@type":"ReadAction","target":["https:\/\/yreduktor.eu\/index.php\/en\/yilmaz-reduktor-en\/about-yilmaz-reduktor\/"]}]},{"@type":"BreadcrumbList","@id":"https:\/\/yreduktor.eu\/index.php\/en\/yilmaz-reduktor-en\/about-yilmaz-reduktor\/#breadcrumb","itemListElement":[{"@type":"ListItem","position":1,"name":"Dom\u016f","item":"https:\/\/yreduktor.eu\/"},{"@type":"ListItem","position":2,"name":"Yilmaz Red\u00fckt\u00f6r EN","item":"https:\/\/yreduktor.eu\/index.php\/en\/"},{"@type":"ListItem","position":3,"name":"About Yilmaz Red\u00fckt\u00f6r"}]},{"@type":"WebSite","@id":"https:\/\/yreduktor.eu\/#website","url":"https:\/\/yreduktor.eu\/","name":"Yilmaz Red\u00fckt\u00f6r","description":"P\u0159evodovky Yilmaz v \u010cR.","potentialAction":[{"@type":"SearchAction","target":{"@type":"EntryPoint","urlTemplate":"https:\/\/yreduktor.eu\/?s={search_term_string}"},"query-input":"required name=search_term_string"}],"inLanguage":"cs"}]}},"lang":"en","translations":{"cs":1249,"pl":1173,"en":214},"jetpack_sharing_enabled":true,"pll_sync_post":[],"_links":{"self":[{"href":"https:\/\/www.yreduktor.eu\/index.php\/wp-json\/wp\/v2\/pages\/214"}],"collection":[{"href":"https:\/\/www.yreduktor.eu\/index.php\/wp-json\/wp\/v2\/pages"}],"about":[{"href":"https:\/\/www.yreduktor.eu\/index.php\/wp-json\/wp\/v2\/types\/page"}],"author":[{"embeddable":true,"href":"https:\/\/www.yreduktor.eu\/index.php\/wp-json\/wp\/v2\/users\/1"}],"replies":[{"embeddable":true,"href":"https:\/\/www.yreduktor.eu\/index.php\/wp-json\/wp\/v2\/comments?post=214"}],"version-history":[{"count":40,"href":"https:\/\/www.yreduktor.eu\/index.php\/wp-json\/wp\/v2\/pages\/214\/revisions"}],"predecessor-version":[{"id":1420,"href":"https:\/\/www.yreduktor.eu\/index.php\/wp-json\/wp\/v2\/pages\/214\/revisions\/1420"}],"up":[{"embeddable":true,"href":"https:\/\/www.yreduktor.eu\/index.php\/wp-json\/wp\/v2\/pages\/1231"}],"wp:attachment":[{"href":"https:\/\/www.yreduktor.eu\/index.php\/wp-json\/wp\/v2\/media?parent=214"}],"curies":[{"name":"wp","href":"https:\/\/api.w.org\/{rel}","templated":true}]}}