{"id":1403,"date":"2019-06-24T15:03:15","date_gmt":"2019-06-24T13:03:15","guid":{"rendered":"https:\/\/www.yreduktor.eu\/?page_id=1403"},"modified":"2022-05-07T23:52:09","modified_gmt":"2022-05-07T21:52:09","slug":"gearbox-request-form","status":"publish","type":"page","link":"https:\/\/www.yreduktor.eu\/index.php\/en\/yilmaz-reduktor-en\/gearbox-request-form\/","title":{"rendered":"Gearbox Request Form"},"content":{"rendered":"<div  data-bg=\"url(&quot;http:\/\/www.yreduktor.eu\/wp-content\/uploads\/2019\/03\/yilmaz_hala_low.jpg&quot;)\" data-label=\"Poptavka\" data-id=\"cta--1\" data-export-id=\"cta-centered-bg-section\" data-category=\"cta\" data-section-ov=\"1\" class=\"cta-centered-bg-section content-section content-section-spacing-medium rocket-lazyload dark-text error\" data-parallax-depth=\"20\" id=\"poptavka\" style=\"background-color: rgb(255, 255, 255); background-size: cover; background-position: center top; background-image: none;\" data-ce-key=\"138\" data-was-processed=\"true\" data-ll-status=\"error\"><div  class=\"gridContainer\" data-ce-key=\"139\"> <div  class=\"row text-center\" data-ce-key=\"140\"><div  data-type=\"column\" class=\"\" data-ce-key=\"141\"> <h2  class=\"\" data-ce-key=\"142\"><span  style=\"color: rgb(60, 60, 60);\" data-ce-key=\"466\">Gearbox Request Form<\/span><\/h2> <a class=\"link\" href=\"https:\/\/forms.zohopublic.eu\/kdrives\/form\/Poptvkakompaktnpevodovky\/formperma\/jLoQsKIfP_6EPliaIFLgbWgzoW3srdOlJqYvTOAolfM\" target=\"_self\" data-cp-link=\"1\" rel=\"noopener\">Configurate your gearbox right now!<\/a><\/div> <\/div><\/div> <\/div>","protected":false},"excerpt":{"rendered":"<p>Gearbox Request Form Configurate your gearbox right now!<\/p>\n","protected":false},"author":1,"featured_media":0,"parent":1231,"menu_order":6,"comment_status":"closed","ping_status":"closed","template":"pro\/page-templates\/page-with-small-header.php","meta":{"footnotes":""},"yoast_head":"<!-- This site is optimized with the Yoast SEO plugin v21.3 - https:\/\/yoast.com\/wordpress\/plugins\/seo\/ -->\n<title>Gearbox Request Form - Yilmaz Red\u00fckt\u00f6r<\/title>\n<meta name=\"description\" content=\"This form will guide you step-by-step through the gearbox request (from basic information, scope of delivery to the requirements for special equipment).\" \/>\n<meta name=\"robots\" content=\"index, follow, max-snippet:-1, max-image-preview:large, max-video-preview:-1\" \/>\n<link rel=\"canonical\" href=\"https:\/\/yreduktor.eu\/index.php\/en\/yilmaz-reduktor-en\/gearbox-request-form\/\" \/>\n<meta property=\"og:locale\" content=\"cs_CZ\" \/>\n<meta property=\"og:type\" content=\"article\" \/>\n<meta property=\"og:title\" content=\"Gearbox Request Form - Yilmaz Red\u00fckt\u00f6r\" \/>\n<meta property=\"og:description\" content=\"This form will guide you step-by-step through the gearbox request (from basic information, scope of delivery to the requirements for special equipment).\" \/>\n<meta property=\"og:url\" content=\"https:\/\/yreduktor.eu\/index.php\/en\/yilmaz-reduktor-en\/gearbox-request-form\/\" \/>\n<meta property=\"og:site_name\" content=\"Yilmaz Red\u00fckt\u00f6r\" \/>\n<meta property=\"article:modified_time\" content=\"2022-05-07T21:52:09+00:00\" \/>\n<meta name=\"twitter:card\" content=\"summary_large_image\" \/>\n<script type=\"application\/ld+json\" class=\"yoast-schema-graph\">{\"@context\":\"https:\/\/schema.org\",\"@graph\":[{\"@type\":\"WebPage\",\"@id\":\"https:\/\/yreduktor.eu\/index.php\/en\/yilmaz-reduktor-en\/gearbox-request-form\/\",\"url\":\"https:\/\/yreduktor.eu\/index.php\/en\/yilmaz-reduktor-en\/gearbox-request-form\/\",\"name\":\"Gearbox Request Form - Yilmaz Red\u00fckt\u00f6r\",\"isPartOf\":{\"@id\":\"https:\/\/yreduktor.eu\/#website\"},\"datePublished\":\"2019-06-24T13:03:15+00:00\",\"dateModified\":\"2022-05-07T21:52:09+00:00\",\"description\":\"This form will guide you step-by-step through the gearbox request (from basic information, scope of delivery to the requirements for special equipment).\",\"breadcrumb\":{\"@id\":\"https:\/\/yreduktor.eu\/index.php\/en\/yilmaz-reduktor-en\/gearbox-request-form\/#breadcrumb\"},\"inLanguage\":\"cs\",\"potentialAction\":[{\"@type\":\"ReadAction\",\"target\":[\"https:\/\/yreduktor.eu\/index.php\/en\/yilmaz-reduktor-en\/gearbox-request-form\/\"]}]},{\"@type\":\"BreadcrumbList\",\"@id\":\"https:\/\/yreduktor.eu\/index.php\/en\/yilmaz-reduktor-en\/gearbox-request-form\/#breadcrumb\",\"itemListElement\":[{\"@type\":\"ListItem\",\"position\":1,\"name\":\"Dom\u016f\",\"item\":\"https:\/\/yreduktor.eu\/\"},{\"@type\":\"ListItem\",\"position\":2,\"name\":\"Yilmaz Red\u00fckt\u00f6r EN\",\"item\":\"https:\/\/yreduktor.eu\/index.php\/en\/\"},{\"@type\":\"ListItem\",\"position\":3,\"name\":\"Gearbox Request Form\"}]},{\"@type\":\"WebSite\",\"@id\":\"https:\/\/yreduktor.eu\/#website\",\"url\":\"https:\/\/yreduktor.eu\/\",\"name\":\"Yilmaz Red\u00fckt\u00f6r\",\"description\":\"P\u0159evodovky Yilmaz v \u010cR.\",\"potentialAction\":[{\"@type\":\"SearchAction\",\"target\":{\"@type\":\"EntryPoint\",\"urlTemplate\":\"https:\/\/yreduktor.eu\/?s={search_term_string}\"},\"query-input\":\"required name=search_term_string\"}],\"inLanguage\":\"cs\"}]}<\/script>\n<!-- \/ Yoast SEO plugin. -->","yoast_head_json":{"title":"Gearbox Request Form - Yilmaz Red\u00fckt\u00f6r","description":"This form will guide you step-by-step through the gearbox request (from basic information, scope of delivery to the requirements for special equipment).","robots":{"index":"index","follow":"follow","max-snippet":"max-snippet:-1","max-image-preview":"max-image-preview:large","max-video-preview":"max-video-preview:-1"},"canonical":"https:\/\/yreduktor.eu\/index.php\/en\/yilmaz-reduktor-en\/gearbox-request-form\/","og_locale":"cs_CZ","og_type":"article","og_title":"Gearbox Request Form - Yilmaz Red\u00fckt\u00f6r","og_description":"This form will guide you step-by-step through the gearbox request (from basic information, scope of delivery to the requirements for special equipment).","og_url":"https:\/\/yreduktor.eu\/index.php\/en\/yilmaz-reduktor-en\/gearbox-request-form\/","og_site_name":"Yilmaz Red\u00fckt\u00f6r","article_modified_time":"2022-05-07T21:52:09+00:00","twitter_card":"summary_large_image","schema":{"@context":"https:\/\/schema.org","@graph":[{"@type":"WebPage","@id":"https:\/\/yreduktor.eu\/index.php\/en\/yilmaz-reduktor-en\/gearbox-request-form\/","url":"https:\/\/yreduktor.eu\/index.php\/en\/yilmaz-reduktor-en\/gearbox-request-form\/","name":"Gearbox Request Form - Yilmaz Red\u00fckt\u00f6r","isPartOf":{"@id":"https:\/\/yreduktor.eu\/#website"},"datePublished":"2019-06-24T13:03:15+00:00","dateModified":"2022-05-07T21:52:09+00:00","description":"This form will guide you step-by-step through the gearbox request (from basic information, scope of delivery to the requirements for special equipment).","breadcrumb":{"@id":"https:\/\/yreduktor.eu\/index.php\/en\/yilmaz-reduktor-en\/gearbox-request-form\/#breadcrumb"},"inLanguage":"cs","potentialAction":[{"@type":"ReadAction","target":["https:\/\/yreduktor.eu\/index.php\/en\/yilmaz-reduktor-en\/gearbox-request-form\/"]}]},{"@type":"BreadcrumbList","@id":"https:\/\/yreduktor.eu\/index.php\/en\/yilmaz-reduktor-en\/gearbox-request-form\/#breadcrumb","itemListElement":[{"@type":"ListItem","position":1,"name":"Dom\u016f","item":"https:\/\/yreduktor.eu\/"},{"@type":"ListItem","position":2,"name":"Yilmaz Red\u00fckt\u00f6r EN","item":"https:\/\/yreduktor.eu\/index.php\/en\/"},{"@type":"ListItem","position":3,"name":"Gearbox Request Form"}]},{"@type":"WebSite","@id":"https:\/\/yreduktor.eu\/#website","url":"https:\/\/yreduktor.eu\/","name":"Yilmaz Red\u00fckt\u00f6r","description":"P\u0159evodovky Yilmaz v \u010cR.","potentialAction":[{"@type":"SearchAction","target":{"@type":"EntryPoint","urlTemplate":"https:\/\/yreduktor.eu\/?s={search_term_string}"},"query-input":"required name=search_term_string"}],"inLanguage":"cs"}]}},"lang":"en","translations":{"en":1403,"cs":1314},"jetpack_sharing_enabled":true,"pll_sync_post":[],"_links":{"self":[{"href":"https:\/\/www.yreduktor.eu\/index.php\/wp-json\/wp\/v2\/pages\/1403"}],"collection":[{"href":"https:\/\/www.yreduktor.eu\/index.php\/wp-json\/wp\/v2\/pages"}],"about":[{"href":"https:\/\/www.yreduktor.eu\/index.php\/wp-json\/wp\/v2\/types\/page"}],"author":[{"embeddable":true,"href":"https:\/\/www.yreduktor.eu\/index.php\/wp-json\/wp\/v2\/users\/1"}],"replies":[{"embeddable":true,"href":"https:\/\/www.yreduktor.eu\/index.php\/wp-json\/wp\/v2\/comments?post=1403"}],"version-history":[{"count":3,"href":"https:\/\/www.yreduktor.eu\/index.php\/wp-json\/wp\/v2\/pages\/1403\/revisions"}],"predecessor-version":[{"id":1531,"href":"https:\/\/www.yreduktor.eu\/index.php\/wp-json\/wp\/v2\/pages\/1403\/revisions\/1531"}],"up":[{"embeddable":true,"href":"https:\/\/www.yreduktor.eu\/index.php\/wp-json\/wp\/v2\/pages\/1231"}],"wp:attachment":[{"href":"https:\/\/www.yreduktor.eu\/index.php\/wp-json\/wp\/v2\/media?parent=1403"}],"curies":[{"name":"wp","href":"https:\/\/api.w.org\/{rel}","templated":true}]}}