{"id":1275,"date":"2019-05-23T13:49:04","date_gmt":"2019-05-23T11:49:04","guid":{"rendered":"https:\/\/www.yreduktor.eu\/?page_id=1275"},"modified":"2022-05-07T23:57:40","modified_gmt":"2022-05-07T21:57:40","slug":"o-firmie-d2drives","status":"publish","type":"page","link":"https:\/\/www.yreduktor.eu\/index.php\/pl\/yilmaz-reduktor-pl\/o-firmie-d2drives\/","title":{"rendered":"O firmie D2Drives"},"content":{"rendered":"<div  data-label=\"H1\" data-id=\"cta--1\" data-export-id=\"cta-centered-bg-section\" data-category=\"cta\" data-section-ov=\"1\" class=\"cta-centered-bg-section content-section content-section-spacing-medium\" data-parallax-depth=\"20\" id=\"h1\" style=\"background-color: rgb(255, 255, 255); background-image: none;\"><div  class=\"gridContainer\"> <div  class=\"row text-center\"><div  data-type=\"column\" class=\"\"> <h2  class=\"\">K-Drives<\/h2> <\/div> <\/div><\/div> <\/div><div  data-label=\"Features\" data-id=\"features--1\" data-export-id=\"features-5\" data-category=\"features\" class=\"features-5 content-section-spacing\" id=\"features-1\" style=\"background-color: rgb(255, 255, 255); background-image: none;\"><div  class=\"gridContainer\">  <div  class=\"row text-center\" data-type=\"row\"> <div  class=\"col-xs-12 col-sm-4 col-padding-small col-md-3 \"> <div  class=\"number-container\"> <div  class=\"link-line left bg-color1\"><\/div> <p  class=\"number border-color1 color1\"><\/p> <div  class=\"link-line right bg-color1\"><\/div><\/div> <div  data-type=\"column\" class=\"\"> <h3  class=\"\">1991<\/h3><p  class=\"text-center\"><span  style=\"font-weight: 300;\">firma powsta\u0142a pod nazw\u0105 KVELB jako jeden z pierwszych prywatnych dystrybutor\u00f3w silnik\u00f3w MEZ w CZ<\/span><\/p><\/div> <\/div> <div  class=\"col-xs-12 col-sm-4 col-padding-small col-md-3 \"> <div  class=\"number-container\"> <div  class=\"link-line left bg-color1\"><\/div> <p  class=\"number border-color1 color1\"><\/p> <div  class=\"link-line right bg-color1\"><\/div><\/div> <div  data-type=\"column\" class=\"\"> <h3  class=\"\">1994<\/h3><p  class=\"text-center\"><span  style=\"font-weight: 300;\">firma sta\u0142a si\u0119 dystrybutorem produkt\u00f3w Siemens<\/span><\/p><\/div><\/div> <div  class=\"col-xs-12 col-sm-4 col-padding-small col-md-3 \"><div  class=\"number-container\"> <div  class=\"link-line left bg-color1\"><\/div> <p  class=\"number border-color1 color1\"><\/p> <div  class=\"link-line right bg-color1\"><\/div><\/div> <div  data-type=\"column\" class=\"\"> <h3  class=\"\">2004<\/h3><p  class=\"text-center\"><span  style=\"font-weight: 300;\">firma uzyska\u0142a certyfikat ISO9001 i tytu\u0142 Partnera Siemens Solution<\/span><\/p><\/div> <\/div><div  class=\"col-xs-12 col-sm-4 col-padding-small col-md-3 \"> <div  class=\"number-container\"> <div  class=\"link-line left bg-color1\"><\/div> <p  class=\"number border-color1 color1\"><\/p> <div  class=\"link-line right bg-color1\"><\/div><\/div> <div  data-type=\"column\" class=\"\"> <h3  class=\"\">2011<\/h3><p  class=\"text-center\"><span  style=\"font-weight: 300;\">firma po raz pierwszy przekroczy\u0142a obr\u00f3t 100 milion\u00f3w CZK<\/span><\/p><\/div> <\/div><div  class=\"col-xs-12 col-sm-4 col-padding-small col-md-3 \"> <div  class=\"number-container\"> <div  class=\"link-line left bg-color1\"><\/div> <p  class=\"number border-color1 color1\"><\/p> <div  class=\"link-line right bg-color1\"><\/div><\/div> <div  data-type=\"column\" class=\"\"> <h3  class=\"\">2017<\/h3><p  class=\"text-center\"><span  style=\"font-weight: 300;\">firma zosta\u0142a cz\u0142onkiem grupy przemys\u0142owej <a data-mce-href=\"http:\/\/www.d2g.cz\" href=\"http:\/\/www.d2g.cz\" target=\"_self\" data-mce-selected=\"inline-boundary\" data-cp-link=\"1\" rel=\"noopener noreferrer\" class=\"\">D2G<\/a> i zmieni\u0142a nazw\u0119 na D2Drives<\/span><\/p><\/div> <\/div><div  class=\"col-xs-12 col-sm-4 col-padding-small col-md-3 \"> <div  class=\"number-container\"> <div  class=\"link-line left bg-color1\"><\/div> <p  class=\"number border-color1 color1\"><\/p> <div  class=\"link-line right bg-color1\"><\/div><\/div> <div  data-type=\"column\" class=\"\"> <h3  class=\"\">2018\n<\/h3><p  class=\"text-center\"><span  style=\"font-weight: 300;\">firma zosta\u0142a wy\u0142\u0105cznym dystrybutorem produkt\u00f3w <a data-mce-href=\"http:\/\/www.elkmotor.cz\" href=\"http:\/\/www.elkmotor.cz\" target=\"_self\" data-mce-selected=\"inline-boundary\" data-cp-link=\"1\" rel=\"noopener noreferrer\" class=\"\">ELK Motor<\/a> i Yilmaz Red\u00fckt\u00f6r<\/span><\/p><\/div> <\/div><div  class=\"col-xs-12 col-sm-4 col-padding-small col-md-3 \"> <div  class=\"number-container\"> <div  class=\"link-line left bg-color1\"><\/div> <p  class=\"number border-color1 color1\"><\/p> <div  class=\"link-line right bg-color1\"><\/div><\/div> <div  data-type=\"column\" class=\"\"> <h3  class=\"\">2020<\/h3><p  class=\"text-center\"><span  style=\"font-weight: 300;\">firma&nbsp;zmieni\u0142a nazw\u0119 na K-Drives CZ<\/span><\/p><\/div> <\/div><\/div> <\/div><\/div><div  data-label=\"Overlappable\" data-id=\"overlappable--1\" data-export-id=\"overlappable-1\" data-category=\"overlappable\" class=\"overlappable-1 content-section content-section-spacing\" data-overlap=\"true\" id=\"overlappable-1\" style=\"background-color: rgb(255, 255, 255);\"><div  class=\"gridContainer\"> <div  data-type=\"row\" class=\"row shadow-medium\"><div  data-type=\"column\" class=\"col-xs-12 col-sm-4 flexcol bg-color-white col-padding col-padding-small-xs\"><h2  class=\"\">Dystrybuujemy nap\u0119dy przemys\u0142owe w CZ i za granic\u0105<\/h2>    <\/div> <div  data-type=\"column\" class=\"col-xs-12 col-sm-4 flexcol bg-color2 col-padding col-padding-small-xs inverted\"><a data-cp-link=\"1\" href=\"#\" class=\"\" target=\"_self\" rel=\"noopener\"><img decoding=\"async\"  class=\"custom-image lazyloaded\" src=\"https:\/\/yreduktor.eu\/wp-content\/uploads\/2019\/03\/D2D_p\u0159\u00edruba_square.jpg\" alt=\"\" title=\"D2D_elektromotor_square_347\" data-was-processed=\"true\" data-ll-status=\"loaded\" data-lazy-src=\"http:\/\/www.yreduktor.eu\/wp-content\/uploads\/2019\/03\/D2D_elektromotor_square_347.jpg\"><\/a>   <\/div> <div  data-type=\"column\" class=\"col-xs-12 col-sm-4 flexcol col-padding col-padding-small-xs inverted bg-color1\">  <h2  class=\"\">1991<\/h2><p  class=\"\"><span  style=\"font-weight: 300;\">Dzi\u0119ki 26-letniej historii \u015bwietnie orientujemy si\u0119 w ofertach silnik\u00f3w elektrycznych nie tylko RC lecz r\u00f3wnie\u017c za granic\u0105.<\/span><\/p> <\/div> <div  data-type=\"column\" class=\"col-xs-12 col-sm-4 flexcol col-padding col-padding-small-xs bg-color2\"><h2  class=\"\"><span  style=\"color: rgb(255, 255, 255);\">1\/2 hned<\/span><\/h2>    <p  class=\"\"><span  style=\"color: rgb(255, 255, 255); font-weight: 300;\">Po\u0142ow\u0119 wszystkich zam\u00f3wie\u0144 z ca\u0142ego \u015bwiata zrealizujemy do nast\u0119pnego dnia.<\/span><\/p><h2  class=\"\"><span  style=\"color: rgb(255, 255, 255);\">65 % export<\/span><\/h2><p  class=\"\"><span  style=\"font-weight: 300; color: rgb(255, 255, 255);\">Prawie trzy czwarte wszelkich dostaw jest wysy\u0142ana za granic\u0119.<\/span><\/p><\/div><div  data-type=\"column\" class=\"col-xs-12 col-sm-4 flexcol bg-color-white col-padding col-padding-small-xs\"><h2  class=\"\">Wszystkie obr\u00f3bki in-house<\/h2>    <p  class=\"\"><span  style=\"font-weight: 300;\">Dzi\u0119ki du\u017cym zapasom cz\u0119\u015bci zamiennych w magazynach i odpowiednim uprawnieniom oraz certyfikatom jeste\u015bmy w stanie dostosowa\u0107 silnik elektryczny wed\u0142ug \u017cycze\u0144 klient\u00f3w w bardzo kr\u00f3tkim czasie.<\/span><\/p><\/div><div  data-type=\"column\" class=\"col-xs-12 col-sm-4 flexcol bg-color-white col-padding col-padding-small-xs\"><img decoding=\"async\"  class=\"custom-image lazyloaded\" src=\"https:\/\/yreduktor.eu\/wp-content\/uploads\/2019\/03\/D2D_elektromotor_square_347.jpg\" alt=\"\" title=\"D2D_elektromotor_square_347\" data-was-processed=\"true\" data-ll-status=\"loaded\" data-lazy-src=\"http:\/\/www.yreduktor.eu\/wp-content\/uploads\/2019\/03\/D2D_p\u0159\u00edruba_square.jpg\">    <\/div><\/div><\/div> <\/div><div  data-label=\"Gallery\" data-id=\"gallery--1\" data-export-id=\"gallery-2\" data-category=\"gallery\" class=\"gallery-2 content-section content-section-spacing\" id=\"gallery-1\" style=\"background-color: rgb(245, 250, 253);\"><div  class=\"\"> <div  class=\"row\"><div  class=\"col-xs-12 full-no-padding\" data-editable=\"true\" data-content-shortcode=\"mesmerize_gallery id=&quot;mesmerize-gallery-2&quot; columns=&quot;3&quot; ids=&quot;1471,1004,1003&quot; lb=&quot;1&quot; masonry=&quot;0&quot; size=&quot;medium&quot; link=&quot;file&quot; \"><div id='mesmerize-gallery-2' class='gallery-wrapper'><style type=\"text\/css\">\n                    @media only screen and (min-width: 768px) {\n                    [data-unique-id='mesmerize-gallery-2-69f271efbe0e4'] dl {\n                        float: left;\n                        width: 33.333333333333% !important;\n                        max-width:  33.333333333333% !important;\n                        min-width:  33.333333333333% !important;\n                    }\n\n                    [data-unique-id='mesmerize-gallery-2-69f271efbe0e4'] dl:nth-of-type(3n +1 ) {\n                      clear: both;\n                      }\n                    }\n                <\/style><div id='mesmerize-gallery-2' class='mesmerize-gallery-2-dls-wrapper gallery-items-wrapper materialis-gallery' data-unique-id='mesmerize-gallery-2-69f271efbe0e4'><dl class='gallery-item'>\n\t\t\t<dt class='gallery-icon landscape'>\n\t\t\t\t<a data-fancybox=\"mesmerize-gallery-2-group\" href='https:\/\/www.yreduktor.eu\/wp-content\/uploads\/2022\/05\/k-drives-building.png'><img  width=\"300\" height=\"147\" src=\"https:\/\/www.yreduktor.eu\/wp-content\/uploads\/2022\/05\/k-drives-building-300x147.png\"  class='mesmerize-gallery-2-image' alt=\"\" decoding=\"async\" loading=\"lazy\" srcset=\"https:\/\/www.yreduktor.eu\/wp-content\/uploads\/2022\/05\/k-drives-building-300x147.png 300w, https:\/\/www.yreduktor.eu\/wp-content\/uploads\/2022\/05\/k-drives-building.png 532w\" sizes=\"(max-width: 300px) 100vw, 300px\" \/><\/a>\n\t\t\t<\/dt><\/dl><dl class='gallery-item'>\n\t\t\t<dt class='gallery-icon landscape'>\n\t\t\t\t<a data-fancybox=\"mesmerize-gallery-2-group\" href='https:\/\/www.yreduktor.eu\/wp-content\/uploads\/2019\/03\/D2D_sklad.jpg'><img  width=\"300\" height=\"146\" src=\"https:\/\/www.yreduktor.eu\/wp-content\/uploads\/2019\/03\/D2D_sklad.jpg\"  class='mesmerize-gallery-2-image' alt=\"\" decoding=\"async\" loading=\"lazy\" \/><\/a>\n\t\t\t<\/dt><\/dl><dl class='gallery-item'>\n\t\t\t<dt class='gallery-icon landscape'>\n\t\t\t\t<a data-fancybox=\"mesmerize-gallery-2-group\" href='https:\/\/www.yreduktor.eu\/wp-content\/uploads\/2019\/03\/D2D_sklad_ELK-motory.jpg'><img  width=\"300\" height=\"146\" src=\"https:\/\/www.yreduktor.eu\/wp-content\/uploads\/2019\/03\/D2D_sklad_ELK-motory.jpg\"  class='mesmerize-gallery-2-image' alt=\"\" decoding=\"async\" loading=\"lazy\" \/><\/a>\n\t\t\t<\/dt><\/dl>\n\t\t<\/div>\n<script>(function($){window.MaterialisCaptionsGallery && window.MaterialisCaptionsGallery($('[data-unique-id=\"mesmerize-gallery-2-69f271efbe0e4\"]'))})(jQuery)<\/script><\/div><\/div><\/div> <\/div><\/div><div  data-label=\"Content\" data-id=\"content--1\" data-export-id=\"content-9\" data-category=\"content\" class=\"content-9 content-section content-section-spacing content-relative\" id=\"content-1\" style=\"background-color: rgb(255, 255, 255); background-image: none;\"><div  class=\"gridContainer\"> <div  class=\"row text-center\"><div  class=\"section-title-col\" data-type=\"column\"> <h2  class=\"\">Dystrybucja nap\u0119d\u00f3w przemys\u0142owych<\/h2> <p  class=\"\"><span  style=\"font-weight: 300;\">Specjalizujemy si\u0119 na kompletne dostawy nap\u0119d\u00f3w elektrycznych i komponent\u00f3w automatyzacji przemys\u0142owej.<\/span><\/p><\/div> <\/div> <div  class=\"row space-bottom text-center\" data-type=\"row\"> <div  class=\"col-sm-4 col-padding-small\">  <h4  class=\"\" style=\"text-align: left;\">Asortyment<\/h4> <p  class=\"\" style=\"text-align: left;\"><span  style=\"font-weight: 300;\">silniki elektryczne<\/span><br ><span  style=\"font-weight: 300;\">\nskrzynie bieg\u00f3w<\/span><br ><span  style=\"font-weight: 300;\">\nsprz\u0119g\u0142a<\/span><br ><span  style=\"font-weight: 300;\">\nelektroniczne przetwornice cz\u0119stotliwo\u015bci<\/span><br ><span  style=\"font-weight: 300;\">\nrozruszniki (soft startery)<\/span><br ><span  style=\"font-weight: 300;\">\nkomponenty do automatyzacji przemys\u0142owej<\/span><\/p><\/div> <div  class=\"col-sm-4 col-padding-small\"> <h4  class=\"\" style=\"text-align: left;\">Certyfikaty<\/h4> <p  class=\"\" style=\"text-align: left;\"><span  style=\"font-weight: 300;\">ISO 9001<\/span><br ><span  style=\"font-weight: 300;\">\nCzech TOP 100<\/span><br ><span  style=\"font-weight: 300;\">\nAA Class wed\u0142ug Czech Stability Award<\/span><\/p><\/div> <div  class=\"col-sm-4 col-padding-small\"> <h4  class=\"\" style=\"text-align: left;\">Konfigurator online<\/h4> <p  class=\"\" style=\"text-align: left;\"><span  style=\"font-weight: 300;\">pierwszy konfigurator online silnik\u00f3w elektrycznych w CZ<\/span><br ><span  style=\"font-weight: 300;\">\nwynik kosztuje tylko par\u0119 klikni\u0119\u0107<\/span><br ><a href=\"http:\/\/www.elektromotory.cz\/konfigurator\" target=\"_self\" data-mce-href=\"http:\/\/www.elektromotory.cz\/konfigurator\" data-cp-link=\"1\" class=\"\" rel=\"noopener\">www.elektromotory.cz\/konfigurator<\/a><\/p><\/div> <\/div> <div  class=\"row center-xs middle-xs\"> <div  class=\"col-sm-12\" data-type=\"column\"><a class=\"button color1\" href=\"https:\/\/www.k-drives.com\" target=\"_blank\" data-cp-link=\"1\" data-icon=\"\" rel=\"noopener noreferrer\">PRZEJ\u015a\u0106 DO STRON INTERNETOWYCH K-DRIVES<\/a>  <\/div><\/div> <\/div><div  class=\"section-separator-bottom\">\n    <svg  class=\"section-separator-bottom\" data-separator-name=\"triangle-asymmetrical-negative\" preserveAspectRatio=\"none\" viewBox=\"0 0 1000 100\" xmlns=\"http:\/\/www.w3.org\/2000\/svg\">\n        <path  class=\"svg-white-bg\" d=\"M737.9,94.7L0,0v100h1000V0L737.9,94.7z\"><\/path>\n    <\/svg>\n<\/div><\/div><div  data-label=\"Contact\" data-id=\"contact--1\" data-export-id=\"contact-6\" data-category=\"contact\" class=\"contact-5 content-section content-section-spacing content-relative\" id=\"contact-1\" style=\"background-color: rgb(255, 255, 255);\"><div  class=\"section-separator-top\">\n    <svg  xmlns=\"http:\/\/www.w3.org\/2000\/svg\" viewBox=\"0 0 1000 100\" preserveAspectRatio=\"none\" data-separator-name=\"triangle-asymmetrical\" class=\"section-separator-top\">\n\t<path  class=\"svg-white-bg\" d=\"M738,99l262-93V0H0v5.6L738,99z\"><\/path>\n<\/svg>\n<\/div><div  class=\"\">  <div  class=\"row middle-sm\"> <div  class=\"col-xs-12 col-sm-6 image-holder space-bottom-xs\"> <div  data-content-shortcode=\"mesmerize_maps address=&quot;Dru\u017estevn\u00ed 1200\/20, 789 85, Mohelnice &quot; zoom=&quot;65&quot;\" data-editable=\"true\" class=\"shadow-medium\"><iframe class=\"mesmerize-google-maps mesmerize-frame-map\" src=\"https:\/\/maps.google.com\/maps?q=Dru\u017estevn\u00ed 1200\/20, 789 85, Mohelnice &amp;z=14&amp;t=m&amp;output=embed&amp;iwloc=near\"><\/iframe><\/div><\/div> <div  class=\"col-xs-12 col-sm-6\"><div  class=\"row middle-sm\"> <div  data-type=\"column\" class=\"col-xs-12 space-bottom-small\"><h3  class=\"color1\">Skontaktuj si\u0119 z nami!<\/h3><h1  class=\"\">Znajdziecie nas w Mohelnicy<\/h1><\/div> <\/div> <div  class=\"row middle-sm\" data-type=\"row\"> <div  class=\"col-xs-12 space-bottom-small\"> <div  class=\"row\"> <div  data-type=\"column\" class=\"col-xs-12 col-sm-fit label-col\"><p  class=\"\"><span  style=\"font-weight: 300;\">Chcesz aby\u015bmy Ci przedstawili niewi\u0105\u017c\u0105c\u0105 ofert\u0119 lub zapewnili rozwi\u0105zanie dla Twojej aplikacji? Zwr\u00f3\u0107 si\u0119 do K-Drives CZ.<\/span><\/p> <\/div> <div  data-type=\"column\" class=\"col-xs-12 col-sm\"><\/div> <\/div><\/div>   <div  class=\"col-xs-12 space-bottom-small\"> <div  class=\"row\"> <div  data-type=\"column\" class=\"col-xs-12 col-sm-fit label-col\"><p  class=\"\"><span  style=\"font-weight: 300;\"><span  style=\"color: rgb(60, 60, 60);\">Dru\u017estevn\u00ed 1200\/20, 789 85 Mohelnice<br >\n 420 583 453 043<br ><a href=\"mailto:info@k-drives.cz\" target=\"_self\" data-mce-href=\"mailto:info@k-drives.cz\" data-cp-link=\"1\" rel=\"noopener\">info@k-drives.cz<\/a><\/span><\/span><\/p> <\/div> <div  data-type=\"column\" class=\"col-xs-12 col-sm\"><\/div> <\/div><\/div><div  class=\"col-xs-12 space-bottom-small\"><div  class=\"row\"> <div  data-type=\"column\" class=\"col-xs-12 col-sm-fit label-col\"><a class=\"button color1\" href=\"mailto:info@k-drives.cz\" target=\"_self\" data-cp-link=\"1\" data-icon=\"\" rel=\"noopener noreferrer\">SKONTAKTUJ SI\u0118 ZE WSPARCIEM<\/a><\/div> <div  data-type=\"column\" class=\"col-xs-12 col-sm\"><\/div> <\/div><\/div><\/div> <\/div><\/div> <\/div><\/div>","protected":false},"excerpt":{"rendered":"<p>K-Drives 1991firma powsta\u0142a pod nazw\u0105 KVELB jako jeden z pierwszych prywatnych dystrybutor\u00f3w silnik\u00f3w MEZ w CZ 1994firma sta\u0142a si\u0119 dystrybutorem produkt\u00f3w Siemens 2004firma uzyska\u0142a certyfikat ISO9001 i tytu\u0142 Partnera Siemens Solution 2011firma po raz pierwszy przekroczy\u0142a obr\u00f3t 100 milion\u00f3w CZK 2017firma zosta\u0142a cz\u0142onkiem grupy przemys\u0142owej D2G i zmieni\u0142a nazw\u0119 na D2Drives 2018 firma zosta\u0142a wy\u0142\u0105cznym&hellip; <br \/> <a class=\"read-more\" href=\"https:\/\/www.yreduktor.eu\/index.php\/pl\/yilmaz-reduktor-pl\/o-firmie-d2drives\/\">Read more<\/a><\/p>\n","protected":false},"author":1,"featured_media":0,"parent":1161,"menu_order":2,"comment_status":"closed","ping_status":"closed","template":"pro\/page-templates\/page-with-small-header.php","meta":{"footnotes":""},"yoast_head":"<!-- This site is optimized with the Yoast SEO plugin v21.3 - https:\/\/yoast.com\/wordpress\/plugins\/seo\/ -->\n<title>O firmie D2Drives - Yilmaz Red\u00fckt\u00f6r<\/title>\n<meta name=\"description\" content=\"Dzi\u0119ki 26-letniej historii \u015bwietnie orientujemy si\u0119 w ofertach silnik\u00f3w elektrycznych nie tylko RC lecz r\u00f3wnie\u017c za granic\u0105.\" \/>\n<meta name=\"robots\" content=\"index, follow, max-snippet:-1, max-image-preview:large, max-video-preview:-1\" \/>\n<link rel=\"canonical\" href=\"https:\/\/www.yreduktor.eu\/index.php\/pl\/yilmaz-reduktor-pl\/o-firmie-d2drives\/\" \/>\n<meta property=\"og:locale\" content=\"cs_CZ\" \/>\n<meta property=\"og:type\" content=\"article\" \/>\n<meta property=\"og:title\" content=\"O firmie D2Drives - Yilmaz Red\u00fckt\u00f6r\" \/>\n<meta property=\"og:description\" content=\"Dzi\u0119ki 26-letniej historii \u015bwietnie orientujemy si\u0119 w ofertach silnik\u00f3w elektrycznych nie tylko RC lecz r\u00f3wnie\u017c za granic\u0105.\" \/>\n<meta property=\"og:url\" content=\"https:\/\/www.yreduktor.eu\/index.php\/pl\/yilmaz-reduktor-pl\/o-firmie-d2drives\/\" \/>\n<meta property=\"og:site_name\" content=\"Yilmaz Red\u00fckt\u00f6r\" \/>\n<meta property=\"article:modified_time\" content=\"2022-05-07T21:57:40+00:00\" \/>\n<meta property=\"og:image\" content=\"https:\/\/www.yreduktor.eu\/wp-content\/uploads\/2019\/03\/yilmaz_FB_cover-pic.jpg\" \/>\n\t<meta property=\"og:image:width\" content=\"1200\" \/>\n\t<meta property=\"og:image:height\" content=\"630\" \/>\n\t<meta property=\"og:image:type\" content=\"image\/jpeg\" \/>\n<meta name=\"twitter:card\" content=\"summary_large_image\" \/>\n<meta name=\"twitter:label1\" content=\"Odhadovan\u00e1 doba \u010dten\u00ed\" \/>\n\t<meta name=\"twitter:data1\" content=\"2 minuty\" \/>\n<script type=\"application\/ld+json\" class=\"yoast-schema-graph\">{\"@context\":\"https:\/\/schema.org\",\"@graph\":[{\"@type\":\"WebPage\",\"@id\":\"https:\/\/www.yreduktor.eu\/index.php\/pl\/yilmaz-reduktor-pl\/o-firmie-d2drives\/\",\"url\":\"https:\/\/www.yreduktor.eu\/index.php\/pl\/yilmaz-reduktor-pl\/o-firmie-d2drives\/\",\"name\":\"O firmie D2Drives - Yilmaz Red\u00fckt\u00f6r\",\"isPartOf\":{\"@id\":\"https:\/\/yreduktor.eu\/#website\"},\"datePublished\":\"2019-05-23T11:49:04+00:00\",\"dateModified\":\"2022-05-07T21:57:40+00:00\",\"description\":\"Dzi\u0119ki 26-letniej historii \u015bwietnie orientujemy si\u0119 w ofertach silnik\u00f3w elektrycznych nie tylko RC lecz r\u00f3wnie\u017c za granic\u0105.\",\"breadcrumb\":{\"@id\":\"https:\/\/www.yreduktor.eu\/index.php\/pl\/yilmaz-reduktor-pl\/o-firmie-d2drives\/#breadcrumb\"},\"inLanguage\":\"cs\",\"potentialAction\":[{\"@type\":\"ReadAction\",\"target\":[\"https:\/\/www.yreduktor.eu\/index.php\/pl\/yilmaz-reduktor-pl\/o-firmie-d2drives\/\"]}]},{\"@type\":\"BreadcrumbList\",\"@id\":\"https:\/\/www.yreduktor.eu\/index.php\/pl\/yilmaz-reduktor-pl\/o-firmie-d2drives\/#breadcrumb\",\"itemListElement\":[{\"@type\":\"ListItem\",\"position\":1,\"name\":\"Dom\u016f\",\"item\":\"https:\/\/yreduktor.eu\/\"},{\"@type\":\"ListItem\",\"position\":2,\"name\":\"Yilmaz Red\u00fckt\u00f6r PL\",\"item\":\"https:\/\/yreduktor.eu\/index.php\/pl\/\"},{\"@type\":\"ListItem\",\"position\":3,\"name\":\"O firmie D2Drives\"}]},{\"@type\":\"WebSite\",\"@id\":\"https:\/\/yreduktor.eu\/#website\",\"url\":\"https:\/\/yreduktor.eu\/\",\"name\":\"Yilmaz Red\u00fckt\u00f6r\",\"description\":\"P\u0159evodovky Yilmaz v \u010cR.\",\"potentialAction\":[{\"@type\":\"SearchAction\",\"target\":{\"@type\":\"EntryPoint\",\"urlTemplate\":\"https:\/\/yreduktor.eu\/?s={search_term_string}\"},\"query-input\":\"required name=search_term_string\"}],\"inLanguage\":\"cs\"}]}<\/script>\n<!-- \/ Yoast SEO plugin. -->","yoast_head_json":{"title":"O firmie D2Drives - Yilmaz Red\u00fckt\u00f6r","description":"Dzi\u0119ki 26-letniej historii \u015bwietnie orientujemy si\u0119 w ofertach silnik\u00f3w elektrycznych nie tylko RC lecz r\u00f3wnie\u017c za granic\u0105.","robots":{"index":"index","follow":"follow","max-snippet":"max-snippet:-1","max-image-preview":"max-image-preview:large","max-video-preview":"max-video-preview:-1"},"canonical":"https:\/\/www.yreduktor.eu\/index.php\/pl\/yilmaz-reduktor-pl\/o-firmie-d2drives\/","og_locale":"cs_CZ","og_type":"article","og_title":"O firmie D2Drives - Yilmaz Red\u00fckt\u00f6r","og_description":"Dzi\u0119ki 26-letniej historii \u015bwietnie orientujemy si\u0119 w ofertach silnik\u00f3w elektrycznych nie tylko RC lecz r\u00f3wnie\u017c za granic\u0105.","og_url":"https:\/\/www.yreduktor.eu\/index.php\/pl\/yilmaz-reduktor-pl\/o-firmie-d2drives\/","og_site_name":"Yilmaz Red\u00fckt\u00f6r","article_modified_time":"2022-05-07T21:57:40+00:00","og_image":[{"width":1200,"height":630,"url":"https:\/\/www.yreduktor.eu\/wp-content\/uploads\/2019\/03\/yilmaz_FB_cover-pic.jpg","type":"image\/jpeg"}],"twitter_card":"summary_large_image","twitter_misc":{"Odhadovan\u00e1 doba \u010dten\u00ed":"2 minuty"},"schema":{"@context":"https:\/\/schema.org","@graph":[{"@type":"WebPage","@id":"https:\/\/www.yreduktor.eu\/index.php\/pl\/yilmaz-reduktor-pl\/o-firmie-d2drives\/","url":"https:\/\/www.yreduktor.eu\/index.php\/pl\/yilmaz-reduktor-pl\/o-firmie-d2drives\/","name":"O firmie D2Drives - Yilmaz Red\u00fckt\u00f6r","isPartOf":{"@id":"https:\/\/yreduktor.eu\/#website"},"datePublished":"2019-05-23T11:49:04+00:00","dateModified":"2022-05-07T21:57:40+00:00","description":"Dzi\u0119ki 26-letniej historii \u015bwietnie orientujemy si\u0119 w ofertach silnik\u00f3w elektrycznych nie tylko RC lecz r\u00f3wnie\u017c za granic\u0105.","breadcrumb":{"@id":"https:\/\/www.yreduktor.eu\/index.php\/pl\/yilmaz-reduktor-pl\/o-firmie-d2drives\/#breadcrumb"},"inLanguage":"cs","potentialAction":[{"@type":"ReadAction","target":["https:\/\/www.yreduktor.eu\/index.php\/pl\/yilmaz-reduktor-pl\/o-firmie-d2drives\/"]}]},{"@type":"BreadcrumbList","@id":"https:\/\/www.yreduktor.eu\/index.php\/pl\/yilmaz-reduktor-pl\/o-firmie-d2drives\/#breadcrumb","itemListElement":[{"@type":"ListItem","position":1,"name":"Dom\u016f","item":"https:\/\/yreduktor.eu\/"},{"@type":"ListItem","position":2,"name":"Yilmaz Red\u00fckt\u00f6r PL","item":"https:\/\/yreduktor.eu\/index.php\/pl\/"},{"@type":"ListItem","position":3,"name":"O firmie D2Drives"}]},{"@type":"WebSite","@id":"https:\/\/yreduktor.eu\/#website","url":"https:\/\/yreduktor.eu\/","name":"Yilmaz Red\u00fckt\u00f6r","description":"P\u0159evodovky Yilmaz v \u010cR.","potentialAction":[{"@type":"SearchAction","target":{"@type":"EntryPoint","urlTemplate":"https:\/\/yreduktor.eu\/?s={search_term_string}"},"query-input":"required name=search_term_string"}],"inLanguage":"cs"}]}},"lang":"pl","translations":{"cs":577,"pl":1275,"en":1289},"jetpack_sharing_enabled":true,"pll_sync_post":[],"_links":{"self":[{"href":"https:\/\/www.yreduktor.eu\/index.php\/wp-json\/wp\/v2\/pages\/1275"}],"collection":[{"href":"https:\/\/www.yreduktor.eu\/index.php\/wp-json\/wp\/v2\/pages"}],"about":[{"href":"https:\/\/www.yreduktor.eu\/index.php\/wp-json\/wp\/v2\/types\/page"}],"author":[{"embeddable":true,"href":"https:\/\/www.yreduktor.eu\/index.php\/wp-json\/wp\/v2\/users\/1"}],"replies":[{"embeddable":true,"href":"https:\/\/www.yreduktor.eu\/index.php\/wp-json\/wp\/v2\/comments?post=1275"}],"version-history":[{"count":9,"href":"https:\/\/www.yreduktor.eu\/index.php\/wp-json\/wp\/v2\/pages\/1275\/revisions"}],"predecessor-version":[{"id":1537,"href":"https:\/\/www.yreduktor.eu\/index.php\/wp-json\/wp\/v2\/pages\/1275\/revisions\/1537"}],"up":[{"embeddable":true,"href":"https:\/\/www.yreduktor.eu\/index.php\/wp-json\/wp\/v2\/pages\/1161"}],"wp:attachment":[{"href":"https:\/\/www.yreduktor.eu\/index.php\/wp-json\/wp\/v2\/media?parent=1275"}],"curies":[{"name":"wp","href":"https:\/\/api.w.org\/{rel}","templated":true}]}}