{"id":1268,"date":"2019-05-23T13:49:04","date_gmt":"2019-05-23T11:49:04","guid":{"rendered":"https:\/\/www.yreduktor.eu\/?page_id=1268"},"modified":"2022-05-07T23:50:37","modified_gmt":"2022-05-07T21:50:37","slug":"download","status":"publish","type":"page","link":"https:\/\/www.yreduktor.eu\/index.php\/en\/yilmaz-reduktor-en\/download\/","title":{"rendered":"Download"},"content":{"rendered":"<div  data-label=\"Cta\" data-id=\"cta--1\" data-export-id=\"cta-centered-bg-section\" data-category=\"cta\" data-section-ov=\"1\" class=\"cta-centered-bg-section content-section content-section-spacing-medium white-text\" data-parallax-depth=\"20\" id=\"cta-1\" style=\"background-color: rgb(255, 255, 255); background-image: none;\"><div  class=\"gridContainer\"> <div  class=\"row text-center\"><div  data-type=\"column\" class=\"\"> <h2  class=\"\"><span  style=\"color: rgb(73, 73, 73);\">Catalogues and product sheets<\/span><\/h2> <\/div> <\/div><\/div> <\/div><div  data-label=\"Features\" data-id=\"features--1\" data-export-id=\"features-13-card-bordered-colored\" data-category=\"features\" class=\"features-13 content-section content-section-spacing rocket-lazyload lazyloaded\" id=\"features-1\" style=\"background-color: rgb(255, 255, 255); background-size: cover; background-position: center top; background-image: url(&quot;http:\/\/www.yreduktor.eu\/wp-content\/uploads\/2019\/03\/katalog_back.png&quot;);\" data-section-ov=\"1\" data-was-processed=\"true\" data-ll-status=\"loaded\"><div  class=\"gridContainer\">  <div  class=\"row spaced-cols\" data-type=\"row\"> <div  class=\"col xs-12 col-sm-3 col-md-3 \"> <div  class=\"card bottom-border-color1\" data-type=\"column\">  <h4  class=\"\"><span  style=\"color: rgb(230, 35, 131);\">technical sheets<\/span><\/h4> <p  class=\"\">\u2013 Series M<br >\n\u2013 Series N<br >\n\u2013 Series K<br >\n\u2013 Series E<br >\n\u2013 Series D<br >\n\u2013 Series B<br >\n\u2013 Series H<br >\n\u2013 Series P<br >\n\u2013 Series V\n<br >\u2013 <a data-mce-href=\"http:\/\/www.yr.com.tr\/dokuman\" href=\"http:\/\/www.yr.com.tr\/dokuman\" target=\"_self\" data-mce-selected=\"inline-boundary\" data-cp-link=\"1\" rel=\"noopener\">find all sheets here<\/a><br ><\/p> <\/div> <\/div> <div  class=\"col xs-12 col-sm-3 col-md-3 \"> <div  class=\"card bottom-border-color1\" data-type=\"column\">  <h4  class=\"\"><span  style=\"color: rgb(230, 35, 131);\">catalogues<\/span><\/h4> <p  class=\"\"><a data-mce-href=\"http:\/\/www.yr.com.tr\/dokuman\" href=\"http:\/\/www.yr.com.tr\/dokuman\" target=\"_self\" data-mce-selected=\"inline-boundary\" data-cp-link=\"1\" rel=\"noopener\">\u2013 catalogues<\/a><br ><a data-mce-href=\"http:\/\/www.yr.com.tr\/dokuman\" href=\"http:\/\/www.yr.com.tr\/dokuman\" target=\"_self\" data-cp-link=\"1\" rel=\"noopener\">\u2013 brochures<\/a><a data-mce-href=\"http:\/\/yr.com.tr\/Res\/Bro\u015f\u00fcr_Poster\/EN\/U_03-2014 06 02 03.14.pdf\" href=\"http:\/\/yr.com.tr\/Res\/Bro\u015f\u00fcr_Poster\/EN\/U_03-2014 06 02 03.14.pdf\" target=\"_blank\" rel=\"noopener noreferrer\" data-mce-selected=\"inline-boundary\" data-cp-link=\"1\" class=\"\"><\/a><\/p> <\/div> <\/div> <div  class=\"col xs-12 col-sm-3 col-md-3\"> <div  class=\"card bottom-border-color1\" data-type=\"column\">  <h4  class=\"\"><span  style=\"color: rgb(230, 35, 131);\">instruction manuals<\/span><\/h4> <p  class=\"\">\u2013 Series M<br >\n\u2013 Series N<br >\n\u2013 Series K<br >\n\u2013 Series E<br >\n\u2013 Series D<br >\n\u2013 Series B<br >\n\u2013 Series H<br >\n\u2013 Series P<br >\n\u2013 Series V<br >\n\u2013 <a data-mce-href=\"http:\/\/www.yr.com.tr\/dokuman\" href=\"http:\/\/www.yr.com.tr\/dokuman\" target=\"_self\" data-mce-selected=\"inline-boundary\" data-cp-link=\"1\" rel=\"noopener\">find all operation instruction here<\/a><\/p> <\/div> <\/div><div  class=\"col xs-12 col-sm-3 col-md-3 \"> <div  class=\"card bottom-border-color1\" data-type=\"column\">  <h4  class=\"\"><span  style=\"color: rgb(230, 35, 131);\">product videos<\/span><\/h4> <p  class=\"\">\u2013 <a data-mce-href=\"https:\/\/youtu.be\/Qg-9EhhnfFQ\" href=\"https:\/\/youtu.be\/Qg-9EhhnfFQ\" target=\"lightbox\" data-mce-selected=\"inline-boundary\" data-cp-link=\"1\" rel=\"noopener noreferrer\" class=\"\">YR Factory Tour\n<\/a><br >\u2013 <a data-mce-href=\"https:\/\/youtu.be\/QapRbpQ7kQc\" href=\"https:\/\/youtu.be\/QapRbpQ7kQc\" target=\"lightbox\" data-mce-selected=\"inline-boundary\" data-cp-link=\"1\" rel=\"noopener noreferrer\" class=\"\">YR Series D<\/a><br >\u2013 <a data-mce-href=\"https:\/\/youtu.be\/n3qEcc5IPtk\" href=\"https:\/\/youtu.be\/n3qEcc5IPtk\" target=\"lightbox\" data-mce-selected=\"inline-boundary\" data-cp-link=\"1\" rel=\"noopener noreferrer\" class=\"\">YR Series K<\/a><\/p> <\/div> <\/div> <\/div> <\/div><\/div>","protected":false},"excerpt":{"rendered":"<p>Catalogues and product sheets technical sheets \u2013 Series M \u2013 Series N \u2013 Series K \u2013 Series E \u2013 Series D \u2013 Series B \u2013 Series H \u2013 Series P \u2013 Series V \u2013 find all sheets here catalogues \u2013 catalogues\u2013 brochures instruction manuals \u2013 Series M \u2013 Series N \u2013 Series K \u2013 Series&hellip; <br \/> <a class=\"read-more\" href=\"https:\/\/www.yreduktor.eu\/index.php\/en\/yilmaz-reduktor-en\/download\/\">Read more<\/a><\/p>\n","protected":false},"author":1,"featured_media":0,"parent":1231,"menu_order":5,"comment_status":"closed","ping_status":"closed","template":"pro\/page-templates\/page-with-small-header.php","meta":{"footnotes":""},"yoast_head":"<!-- This site is optimized with the Yoast SEO plugin v21.3 - https:\/\/yoast.com\/wordpress\/plugins\/seo\/ -->\n<title>Download - Yilmaz Red\u00fckt\u00f6r<\/title>\n<meta name=\"description\" content=\"Here you can find the documents, catalogues, technical sheets and other materials, which can help you in choosing our products.\" \/>\n<meta name=\"robots\" content=\"index, follow, max-snippet:-1, max-image-preview:large, max-video-preview:-1\" \/>\n<link rel=\"canonical\" href=\"https:\/\/www.yreduktor.eu\/index.php\/en\/yilmaz-reduktor-en\/download\/\" \/>\n<meta property=\"og:locale\" content=\"cs_CZ\" \/>\n<meta property=\"og:type\" content=\"article\" \/>\n<meta property=\"og:title\" content=\"Download - Yilmaz Red\u00fckt\u00f6r\" \/>\n<meta property=\"og:description\" content=\"Here you can find the documents, catalogues, technical sheets and other materials, which can help you in choosing our products.\" \/>\n<meta property=\"og:url\" content=\"https:\/\/www.yreduktor.eu\/index.php\/en\/yilmaz-reduktor-en\/download\/\" \/>\n<meta property=\"og:site_name\" content=\"Yilmaz Red\u00fckt\u00f6r\" \/>\n<meta property=\"article:modified_time\" content=\"2022-05-07T21:50:37+00:00\" \/>\n<meta property=\"og:image\" content=\"https:\/\/www.yreduktor.eu\/wp-content\/uploads\/2019\/03\/yilmaz_FB_cover-pic.jpg\" \/>\n\t<meta property=\"og:image:width\" content=\"1200\" \/>\n\t<meta property=\"og:image:height\" content=\"630\" \/>\n\t<meta property=\"og:image:type\" content=\"image\/jpeg\" \/>\n<meta name=\"twitter:card\" content=\"summary_large_image\" \/>\n<script type=\"application\/ld+json\" class=\"yoast-schema-graph\">{\"@context\":\"https:\/\/schema.org\",\"@graph\":[{\"@type\":\"WebPage\",\"@id\":\"https:\/\/www.yreduktor.eu\/index.php\/en\/yilmaz-reduktor-en\/download\/\",\"url\":\"https:\/\/www.yreduktor.eu\/index.php\/en\/yilmaz-reduktor-en\/download\/\",\"name\":\"Download - Yilmaz Red\u00fckt\u00f6r\",\"isPartOf\":{\"@id\":\"https:\/\/yreduktor.eu\/#website\"},\"datePublished\":\"2019-05-23T11:49:04+00:00\",\"dateModified\":\"2022-05-07T21:50:37+00:00\",\"description\":\"Here you can find the documents, catalogues, technical sheets and other materials, which can help you in choosing our products.\",\"breadcrumb\":{\"@id\":\"https:\/\/www.yreduktor.eu\/index.php\/en\/yilmaz-reduktor-en\/download\/#breadcrumb\"},\"inLanguage\":\"cs\",\"potentialAction\":[{\"@type\":\"ReadAction\",\"target\":[\"https:\/\/www.yreduktor.eu\/index.php\/en\/yilmaz-reduktor-en\/download\/\"]}]},{\"@type\":\"BreadcrumbList\",\"@id\":\"https:\/\/www.yreduktor.eu\/index.php\/en\/yilmaz-reduktor-en\/download\/#breadcrumb\",\"itemListElement\":[{\"@type\":\"ListItem\",\"position\":1,\"name\":\"Dom\u016f\",\"item\":\"https:\/\/yreduktor.eu\/\"},{\"@type\":\"ListItem\",\"position\":2,\"name\":\"Yilmaz Red\u00fckt\u00f6r EN\",\"item\":\"https:\/\/yreduktor.eu\/index.php\/en\/\"},{\"@type\":\"ListItem\",\"position\":3,\"name\":\"Download\"}]},{\"@type\":\"WebSite\",\"@id\":\"https:\/\/yreduktor.eu\/#website\",\"url\":\"https:\/\/yreduktor.eu\/\",\"name\":\"Yilmaz Red\u00fckt\u00f6r\",\"description\":\"P\u0159evodovky Yilmaz v \u010cR.\",\"potentialAction\":[{\"@type\":\"SearchAction\",\"target\":{\"@type\":\"EntryPoint\",\"urlTemplate\":\"https:\/\/yreduktor.eu\/?s={search_term_string}\"},\"query-input\":\"required name=search_term_string\"}],\"inLanguage\":\"cs\"}]}<\/script>\n<!-- \/ Yoast SEO plugin. -->","yoast_head_json":{"title":"Download - Yilmaz Red\u00fckt\u00f6r","description":"Here you can find the documents, catalogues, technical sheets and other materials, which can help you in choosing our products.","robots":{"index":"index","follow":"follow","max-snippet":"max-snippet:-1","max-image-preview":"max-image-preview:large","max-video-preview":"max-video-preview:-1"},"canonical":"https:\/\/www.yreduktor.eu\/index.php\/en\/yilmaz-reduktor-en\/download\/","og_locale":"cs_CZ","og_type":"article","og_title":"Download - Yilmaz Red\u00fckt\u00f6r","og_description":"Here you can find the documents, catalogues, technical sheets and other materials, which can help you in choosing our products.","og_url":"https:\/\/www.yreduktor.eu\/index.php\/en\/yilmaz-reduktor-en\/download\/","og_site_name":"Yilmaz Red\u00fckt\u00f6r","article_modified_time":"2022-05-07T21:50:37+00:00","og_image":[{"width":1200,"height":630,"url":"https:\/\/www.yreduktor.eu\/wp-content\/uploads\/2019\/03\/yilmaz_FB_cover-pic.jpg","type":"image\/jpeg"}],"twitter_card":"summary_large_image","schema":{"@context":"https:\/\/schema.org","@graph":[{"@type":"WebPage","@id":"https:\/\/www.yreduktor.eu\/index.php\/en\/yilmaz-reduktor-en\/download\/","url":"https:\/\/www.yreduktor.eu\/index.php\/en\/yilmaz-reduktor-en\/download\/","name":"Download - Yilmaz Red\u00fckt\u00f6r","isPartOf":{"@id":"https:\/\/yreduktor.eu\/#website"},"datePublished":"2019-05-23T11:49:04+00:00","dateModified":"2022-05-07T21:50:37+00:00","description":"Here you can find the documents, catalogues, technical sheets and other materials, which can help you in choosing our products.","breadcrumb":{"@id":"https:\/\/www.yreduktor.eu\/index.php\/en\/yilmaz-reduktor-en\/download\/#breadcrumb"},"inLanguage":"cs","potentialAction":[{"@type":"ReadAction","target":["https:\/\/www.yreduktor.eu\/index.php\/en\/yilmaz-reduktor-en\/download\/"]}]},{"@type":"BreadcrumbList","@id":"https:\/\/www.yreduktor.eu\/index.php\/en\/yilmaz-reduktor-en\/download\/#breadcrumb","itemListElement":[{"@type":"ListItem","position":1,"name":"Dom\u016f","item":"https:\/\/yreduktor.eu\/"},{"@type":"ListItem","position":2,"name":"Yilmaz Red\u00fckt\u00f6r EN","item":"https:\/\/yreduktor.eu\/index.php\/en\/"},{"@type":"ListItem","position":3,"name":"Download"}]},{"@type":"WebSite","@id":"https:\/\/yreduktor.eu\/#website","url":"https:\/\/yreduktor.eu\/","name":"Yilmaz Red\u00fckt\u00f6r","description":"P\u0159evodovky Yilmaz v \u010cR.","potentialAction":[{"@type":"SearchAction","target":{"@type":"EntryPoint","urlTemplate":"https:\/\/yreduktor.eu\/?s={search_term_string}"},"query-input":"required name=search_term_string"}],"inLanguage":"cs"}]}},"lang":"en","translations":{"cs":224,"pl":1190,"en":1268},"jetpack_sharing_enabled":true,"pll_sync_post":[],"_links":{"self":[{"href":"https:\/\/www.yreduktor.eu\/index.php\/wp-json\/wp\/v2\/pages\/1268"}],"collection":[{"href":"https:\/\/www.yreduktor.eu\/index.php\/wp-json\/wp\/v2\/pages"}],"about":[{"href":"https:\/\/www.yreduktor.eu\/index.php\/wp-json\/wp\/v2\/types\/page"}],"author":[{"embeddable":true,"href":"https:\/\/www.yreduktor.eu\/index.php\/wp-json\/wp\/v2\/users\/1"}],"replies":[{"embeddable":true,"href":"https:\/\/www.yreduktor.eu\/index.php\/wp-json\/wp\/v2\/comments?post=1268"}],"version-history":[{"count":8,"href":"https:\/\/www.yreduktor.eu\/index.php\/wp-json\/wp\/v2\/pages\/1268\/revisions"}],"predecessor-version":[{"id":1529,"href":"https:\/\/www.yreduktor.eu\/index.php\/wp-json\/wp\/v2\/pages\/1268\/revisions\/1529"}],"up":[{"embeddable":true,"href":"https:\/\/www.yreduktor.eu\/index.php\/wp-json\/wp\/v2\/pages\/1231"}],"wp:attachment":[{"href":"https:\/\/www.yreduktor.eu\/index.php\/wp-json\/wp\/v2\/media?parent=1268"}],"curies":[{"name":"wp","href":"https:\/\/api.w.org\/{rel}","templated":true}]}}