{"id":1190,"date":"2019-05-22T16:06:15","date_gmt":"2019-05-22T14:06:15","guid":{"rendered":"https:\/\/www.yreduktor.eu\/?page_id=1190"},"modified":"2022-05-08T00:12:32","modified_gmt":"2022-05-07T22:12:32","slug":"do-pobrania","status":"publish","type":"page","link":"https:\/\/www.yreduktor.eu\/index.php\/pl\/yilmaz-reduktor-pl\/do-pobrania\/","title":{"rendered":"Do pobrania"},"content":{"rendered":"<div  data-label=\"H1\" data-id=\"cta--1\" data-export-id=\"cta-centered-bg-section\" data-category=\"cta\" data-section-ov=\"1\" class=\"cta-centered-bg-section content-section content-section-spacing-medium white-text\" data-parallax-depth=\"20\" id=\"h1\" style=\"background-color: rgb(255, 255, 255); background-image: none;\"><div  class=\"gridContainer\"> <div  class=\"row text-center\"><div  data-type=\"column\" class=\"\"> <h2  class=\"\"><span  style=\"color: rgb(73, 73, 73);\">Katalogi i karty produktu<\/span><\/h2> <\/div> <\/div><\/div> <\/div><div  data-bg=\"url(&quot;http:\/\/www.yreduktor.eu\/wp-content\/uploads\/2019\/03\/katalog_back.png&quot;)\" data-label=\"Features\" data-id=\"features--1\" data-export-id=\"features-13-card-bordered-colored\" data-category=\"features\" class=\"features-13 content-section content-section-spacing rocket-lazyload error\" id=\"features-1\" style=\"background-color: rgb(255, 255, 255); background-size: cover; background-position: center top;\" data-section-ov=\"1\" data-was-processed=\"true\" data-ll-status=\"error\"><div  class=\"gridContainer\">  <div  class=\"row spaced-cols\" data-type=\"row\"> <div  class=\"col xs-12 col-sm-3 col-md-3 \"> <div  class=\"card bottom-border-color1\" data-type=\"column\">  <h4  class=\"\"><span  style=\"color: rgb(230, 35, 131);\">karty techniczne<\/span><\/h4> <p  class=\"\"><span style=\"color: rgb(0, 0, 0);\" >\u2013 seria M<\/span><br ><span style=\"color: rgb(0, 0, 0);\" >\n\u2013 seria N<\/span><br ><span style=\"color: rgb(0, 0, 0);\" >\n\u2013 seria K<\/span><br ><span style=\"color: rgb(0, 0, 0);\" >\n\u2013 seria E<\/span><br ><span style=\"color: rgb(0, 0, 0);\" >\n\u2013 seria D<\/span><br ><span style=\"color: rgb(0, 0, 0);\" >\n\u2013 seria B<\/span><br ><span style=\"color: rgb(0, 0, 0);\" >\n\u2013 seria H<\/span><br ><span style=\"color: rgb(0, 0, 0);\" >\n\u2013 seria P<\/span><br ><span style=\"color: rgb(0, 0, 0);\" >\n\u2013 seria V<br ><a data-mce-href=\"http:\/\/www.yr.com.tr\/dokuman\" href=\"http:\/\/www.yr.com.tr\/dokuman\" target=\"_self\" data-mce-selected=\"inline-boundary\" data-cp-link=\"1\" rel=\"noopener\">\u2013 wi\u0119cej informacji<\/a><\/span><\/p> <\/div> <\/div> <div  class=\"col xs-12 col-sm-3 col-md-3 \"> <div  class=\"card bottom-border-color1\" data-type=\"column\">  <h4  class=\"\"><span  style=\"color: rgb(230, 35, 131);\">katalogi<\/span><\/h4> <p  class=\"\"><span style=\"color: rgb(0, 0, 0);\" ><a data-mce-href=\"http:\/\/www.yr.com.tr\/dokuman\" href=\"http:\/\/www.yr.com.tr\/dokuman\" target=\"_self\" data-mce-selected=\"inline-boundary\" data-cp-link=\"1\" rel=\"noopener\">\u2013 katalogi<\/a><\/span><br ><a data-mce-href=\"http:\/\/yr.com.tr\/Res\/Bro\u015f\u00fcr_Poster\/EN\/U_03-2014 06 02 03.14.pdf\" href=\"http:\/\/yr.com.tr\/Res\/Bro\u015f\u00fcr_Poster\/EN\/U_03-2014 06 02 03.14.pdf\" target=\"_blank\" rel=\"noopener noreferrer\" data-mce-selected=\"inline-boundary\" data-cp-link=\"1\" class=\"\"><\/a><\/p> <\/div> <\/div> <div  class=\"col xs-12 col-sm-3 col-md-3\"> <div  class=\"card bottom-border-color1\" data-type=\"column\">  <h4  class=\"\"><span  style=\"color: rgb(230, 35, 131);\">instrukcje obs\u0142ugi<\/span><\/h4> <p  class=\"\"><span style=\"color: rgb(0, 0, 0);\" >\u2013 seria M<\/span><br ><span style=\"color: rgb(0, 0, 0);\" >\n\u2013 seria N<\/span><br ><span style=\"color: rgb(0, 0, 0);\" >\n\u2013 seria K<\/span><br ><span style=\"color: rgb(0, 0, 0);\" >\n\u2013 seria E<\/span><br ><span style=\"color: rgb(0, 0, 0);\" >\n\u2013 seria D<\/span><br ><span style=\"color: rgb(0, 0, 0);\" >\n\u2013 seria B<\/span><br ><span style=\"color: rgb(0, 0, 0);\" >\n\u2013 seria H<\/span><br ><span style=\"color: rgb(0, 0, 0);\" >\n\u2013 seria P<\/span><br ><span style=\"color: rgb(0, 0, 0);\" >\n\u2013 seria V<\/span><br ><span style=\"color: rgb(0, 0, 0);\" ><a data-mce-href=\"http:\/\/www.yr.com.tr\/dokuman\" href=\"http:\/\/www.yr.com.tr\/dokuman\" target=\"_self\" data-mce-selected=\"inline-boundary\" data-cp-link=\"1\" rel=\"noopener\">\n\u2013 wi\u0119cej informacji<\/a><\/span><\/p> <\/div> <\/div><div  class=\"col xs-12 col-sm-3 col-md-3 \"> <div  class=\"card bottom-border-color1\" data-type=\"column\">  <h4  class=\"\"><span  style=\"color: rgb(230, 35, 131);\">videa produktowe<\/span><\/h4> <p  class=\"\"><span style=\"color: rgb(0, 0, 0);\" >\u2013 <a data-mce-href=\"https:\/\/youtu.be\/Qg-9EhhnfFQ\" href=\"https:\/\/youtu.be\/Qg-9EhhnfFQ\" target=\"lightbox\" data-mce-selected=\"inline-boundary\" data-cp-link=\"1\" rel=\"noopener noreferrer\" class=\"\">YR Factory Tour\n<\/a><\/span><br ><span style=\"color: rgb(0, 0, 0);\" >\u2013 <a data-mce-href=\"https:\/\/youtu.be\/QapRbpQ7kQc\" href=\"https:\/\/youtu.be\/QapRbpQ7kQc\" target=\"lightbox\" data-mce-selected=\"inline-boundary\" data-cp-link=\"1\" rel=\"noopener noreferrer\" class=\"\">YR seria D\ufeff<\/a><\/span><br ><span style=\"color: rgb(0, 0, 0);\" >\u2013 <a data-mce-href=\"https:\/\/youtu.be\/n3qEcc5IPtk\" href=\"https:\/\/youtu.be\/n3qEcc5IPtk\" target=\"lightbox\" data-mce-selected=\"inline-boundary\" data-cp-link=\"1\" rel=\"noopener noreferrer\" class=\"\">YR seria K\ufeff<\/a><\/span><\/p> <\/div> <\/div> <\/div> <\/div><\/div>","protected":false},"excerpt":{"rendered":"<p>Katalogi i karty produktu karty techniczne \u2013 seria M \u2013 seria N \u2013 seria K \u2013 seria E \u2013 seria D \u2013 seria B \u2013 seria H \u2013 seria P \u2013 seria V\u2013 wi\u0119cej informacji katalogi \u2013 katalogi instrukcje obs\u0142ugi \u2013 seria M \u2013 seria N \u2013 seria K \u2013 seria E \u2013 seria D&hellip; <br \/> <a class=\"read-more\" href=\"https:\/\/www.yreduktor.eu\/index.php\/pl\/yilmaz-reduktor-pl\/do-pobrania\/\">Read more<\/a><\/p>\n","protected":false},"author":1,"featured_media":0,"parent":1161,"menu_order":5,"comment_status":"closed","ping_status":"closed","template":"pro\/page-templates\/page-with-small-header.php","meta":{"footnotes":""},"yoast_head":"<!-- This site is optimized with the Yoast SEO plugin v21.3 - https:\/\/yoast.com\/wordpress\/plugins\/seo\/ -->\n<title>Do pobrania - Yilmaz Red\u00fckt\u00f6r<\/title>\n<meta name=\"description\" content=\"Katalogi, karty produktu, karty techniczne, instrukcje obs\u0142ugi i videa produktowe.\" \/>\n<meta name=\"robots\" content=\"index, follow, max-snippet:-1, max-image-preview:large, max-video-preview:-1\" \/>\n<link rel=\"canonical\" href=\"https:\/\/yreduktor.eu\/index.php\/pl\/yilmaz-reduktor-pl\/do-pobrania\/\" \/>\n<meta property=\"og:locale\" content=\"cs_CZ\" \/>\n<meta property=\"og:type\" content=\"article\" \/>\n<meta property=\"og:title\" content=\"Do pobrania - Yilmaz Red\u00fckt\u00f6r\" \/>\n<meta property=\"og:description\" content=\"Katalogi, karty produktu, karty techniczne, instrukcje obs\u0142ugi i videa produktowe.\" \/>\n<meta property=\"og:url\" content=\"https:\/\/yreduktor.eu\/index.php\/pl\/yilmaz-reduktor-pl\/do-pobrania\/\" \/>\n<meta property=\"og:site_name\" content=\"Yilmaz Red\u00fckt\u00f6r\" \/>\n<meta property=\"article:modified_time\" content=\"2022-05-07T22:12:32+00:00\" \/>\n<meta property=\"og:image\" content=\"https:\/\/yreduktor.eu\/wp-content\/uploads\/2019\/03\/yilmaz_FB_cover-pic.jpg\" \/>\n\t<meta property=\"og:image:width\" content=\"1200\" \/>\n\t<meta property=\"og:image:height\" content=\"630\" \/>\n\t<meta property=\"og:image:type\" content=\"image\/jpeg\" \/>\n<meta name=\"twitter:card\" content=\"summary_large_image\" \/>\n<script type=\"application\/ld+json\" class=\"yoast-schema-graph\">{\"@context\":\"https:\/\/schema.org\",\"@graph\":[{\"@type\":\"WebPage\",\"@id\":\"https:\/\/yreduktor.eu\/index.php\/pl\/yilmaz-reduktor-pl\/do-pobrania\/\",\"url\":\"https:\/\/yreduktor.eu\/index.php\/pl\/yilmaz-reduktor-pl\/do-pobrania\/\",\"name\":\"Do pobrania - Yilmaz Red\u00fckt\u00f6r\",\"isPartOf\":{\"@id\":\"https:\/\/yreduktor.eu\/#website\"},\"datePublished\":\"2019-05-22T14:06:15+00:00\",\"dateModified\":\"2022-05-07T22:12:32+00:00\",\"description\":\"Katalogi, karty produktu, karty techniczne, instrukcje obs\u0142ugi i videa produktowe.\",\"breadcrumb\":{\"@id\":\"https:\/\/yreduktor.eu\/index.php\/pl\/yilmaz-reduktor-pl\/do-pobrania\/#breadcrumb\"},\"inLanguage\":\"cs\",\"potentialAction\":[{\"@type\":\"ReadAction\",\"target\":[\"https:\/\/yreduktor.eu\/index.php\/pl\/yilmaz-reduktor-pl\/do-pobrania\/\"]}]},{\"@type\":\"BreadcrumbList\",\"@id\":\"https:\/\/yreduktor.eu\/index.php\/pl\/yilmaz-reduktor-pl\/do-pobrania\/#breadcrumb\",\"itemListElement\":[{\"@type\":\"ListItem\",\"position\":1,\"name\":\"Dom\u016f\",\"item\":\"https:\/\/yreduktor.eu\/\"},{\"@type\":\"ListItem\",\"position\":2,\"name\":\"Yilmaz Red\u00fckt\u00f6r PL\",\"item\":\"https:\/\/yreduktor.eu\/index.php\/pl\/\"},{\"@type\":\"ListItem\",\"position\":3,\"name\":\"Do pobrania\"}]},{\"@type\":\"WebSite\",\"@id\":\"https:\/\/yreduktor.eu\/#website\",\"url\":\"https:\/\/yreduktor.eu\/\",\"name\":\"Yilmaz Red\u00fckt\u00f6r\",\"description\":\"P\u0159evodovky Yilmaz v \u010cR.\",\"potentialAction\":[{\"@type\":\"SearchAction\",\"target\":{\"@type\":\"EntryPoint\",\"urlTemplate\":\"https:\/\/yreduktor.eu\/?s={search_term_string}\"},\"query-input\":\"required name=search_term_string\"}],\"inLanguage\":\"cs\"}]}<\/script>\n<!-- \/ Yoast SEO plugin. -->","yoast_head_json":{"title":"Do pobrania - Yilmaz Red\u00fckt\u00f6r","description":"Katalogi, karty produktu, karty techniczne, instrukcje obs\u0142ugi i videa produktowe.","robots":{"index":"index","follow":"follow","max-snippet":"max-snippet:-1","max-image-preview":"max-image-preview:large","max-video-preview":"max-video-preview:-1"},"canonical":"https:\/\/yreduktor.eu\/index.php\/pl\/yilmaz-reduktor-pl\/do-pobrania\/","og_locale":"cs_CZ","og_type":"article","og_title":"Do pobrania - Yilmaz Red\u00fckt\u00f6r","og_description":"Katalogi, karty produktu, karty techniczne, instrukcje obs\u0142ugi i videa produktowe.","og_url":"https:\/\/yreduktor.eu\/index.php\/pl\/yilmaz-reduktor-pl\/do-pobrania\/","og_site_name":"Yilmaz Red\u00fckt\u00f6r","article_modified_time":"2022-05-07T22:12:32+00:00","og_image":[{"width":1200,"height":630,"url":"https:\/\/yreduktor.eu\/wp-content\/uploads\/2019\/03\/yilmaz_FB_cover-pic.jpg","type":"image\/jpeg"}],"twitter_card":"summary_large_image","schema":{"@context":"https:\/\/schema.org","@graph":[{"@type":"WebPage","@id":"https:\/\/yreduktor.eu\/index.php\/pl\/yilmaz-reduktor-pl\/do-pobrania\/","url":"https:\/\/yreduktor.eu\/index.php\/pl\/yilmaz-reduktor-pl\/do-pobrania\/","name":"Do pobrania - Yilmaz Red\u00fckt\u00f6r","isPartOf":{"@id":"https:\/\/yreduktor.eu\/#website"},"datePublished":"2019-05-22T14:06:15+00:00","dateModified":"2022-05-07T22:12:32+00:00","description":"Katalogi, karty produktu, karty techniczne, instrukcje obs\u0142ugi i videa produktowe.","breadcrumb":{"@id":"https:\/\/yreduktor.eu\/index.php\/pl\/yilmaz-reduktor-pl\/do-pobrania\/#breadcrumb"},"inLanguage":"cs","potentialAction":[{"@type":"ReadAction","target":["https:\/\/yreduktor.eu\/index.php\/pl\/yilmaz-reduktor-pl\/do-pobrania\/"]}]},{"@type":"BreadcrumbList","@id":"https:\/\/yreduktor.eu\/index.php\/pl\/yilmaz-reduktor-pl\/do-pobrania\/#breadcrumb","itemListElement":[{"@type":"ListItem","position":1,"name":"Dom\u016f","item":"https:\/\/yreduktor.eu\/"},{"@type":"ListItem","position":2,"name":"Yilmaz Red\u00fckt\u00f6r PL","item":"https:\/\/yreduktor.eu\/index.php\/pl\/"},{"@type":"ListItem","position":3,"name":"Do pobrania"}]},{"@type":"WebSite","@id":"https:\/\/yreduktor.eu\/#website","url":"https:\/\/yreduktor.eu\/","name":"Yilmaz Red\u00fckt\u00f6r","description":"P\u0159evodovky Yilmaz v \u010cR.","potentialAction":[{"@type":"SearchAction","target":{"@type":"EntryPoint","urlTemplate":"https:\/\/yreduktor.eu\/?s={search_term_string}"},"query-input":"required name=search_term_string"}],"inLanguage":"cs"}]}},"lang":"pl","translations":{"cs":224,"pl":1190,"en":1268},"jetpack_sharing_enabled":true,"pll_sync_post":[],"_links":{"self":[{"href":"https:\/\/www.yreduktor.eu\/index.php\/wp-json\/wp\/v2\/pages\/1190"}],"collection":[{"href":"https:\/\/www.yreduktor.eu\/index.php\/wp-json\/wp\/v2\/pages"}],"about":[{"href":"https:\/\/www.yreduktor.eu\/index.php\/wp-json\/wp\/v2\/types\/page"}],"author":[{"embeddable":true,"href":"https:\/\/www.yreduktor.eu\/index.php\/wp-json\/wp\/v2\/users\/1"}],"replies":[{"embeddable":true,"href":"https:\/\/www.yreduktor.eu\/index.php\/wp-json\/wp\/v2\/comments?post=1190"}],"version-history":[{"count":8,"href":"https:\/\/www.yreduktor.eu\/index.php\/wp-json\/wp\/v2\/pages\/1190\/revisions"}],"predecessor-version":[{"id":1557,"href":"https:\/\/www.yreduktor.eu\/index.php\/wp-json\/wp\/v2\/pages\/1190\/revisions\/1557"}],"up":[{"embeddable":true,"href":"https:\/\/www.yreduktor.eu\/index.php\/wp-json\/wp\/v2\/pages\/1161"}],"wp:attachment":[{"href":"https:\/\/www.yreduktor.eu\/index.php\/wp-json\/wp\/v2\/media?parent=1190"}],"curies":[{"name":"wp","href":"https:\/\/api.w.org\/{rel}","templated":true}]}}