{"id":1177,"date":"2019-05-22T16:06:14","date_gmt":"2019-05-22T14:06:14","guid":{"rendered":"https:\/\/www.yreduktor.eu\/?page_id=1177"},"modified":"2022-05-08T20:26:35","modified_gmt":"2022-05-08T18:26:35","slug":"skrzynie-biegow","status":"publish","type":"page","link":"https:\/\/www.yreduktor.eu\/index.php\/pl\/yilmaz-reduktor-pl\/skrzynie-biegow\/","title":{"rendered":"Skrzynie bieg\u00f3w"},"content":{"rendered":"<div  data-label=\"H1\" data-id=\"cta--1\" data-export-id=\"cta-centered-bg-section\" data-category=\"cta\" data-section-ov=\"1\" class=\"cta-centered-bg-section content-section content-section-spacing-medium white-text\" data-parallax-depth=\"20\" id=\"h1\" style=\"background-color: rgb(255, 255, 255); background-size: cover; background-position: center top; background-image: none;\"><div  class=\"gridContainer\"> <div  class=\"row text-center\"><div  data-type=\"column\" class=\"\"> <h2  class=\"\"><span  style=\"color: rgb(73, 73, 73);\">Skrzynie bieg\u00f3w Yilmaz Red\u00fckt\u00f6r<\/span><\/h2> <\/div> <\/div><\/div> <\/div><div  data-label=\"vlastnosti\" data-id=\"overlappable--5\" data-export-id=\"overlappable-4\" data-category=\"overlappable\" class=\"overlappable-4 content-section content-section-spacing\" data-overlap=\"true\" id=\"vlastnosti\" style=\"background-color: rgb(255, 255, 255);\"><div  class=\"gridContainer\"> <div  data-type=\"row\" class=\"row spaced-cols text-center\"><div  class=\"col-xs-12 col-sm-4 col-padding\"> <a data-cp-link=\"1\" href=\"https:\/\/yreduktor.eu\/index.php\/pl\/yilmaz-reduktor-pl\/podstawowe-wlasciwosci\" target=\"_self\" rel=\"noopener noreferrer\"><i  class=\"fa icon shadow-large-black aligncenter fa-gears reverse round large color1\"><\/i><\/a> <div  data-type=\"column\" class=\"\">  <h4  class=\"\"><span  style=\"color: rgb(230, 35, 131);\">podstawowe w\u0142a\u015bciwo\u015bci<\/span><\/h4><p  class=\"\" style=\"text-align: left;\"><span  style=\"font-weight: 300;\">\u2013 mo\u017cliwo\u015bci konfiguracji<\/span><br ><span  style=\"font-weight: 300;\">\n\u2013 rozmiary<\/span><br ><span  style=\"font-weight: 300;\">\n\u2013 okoliczne \u015brodowisko<\/span><\/p><\/div> <\/div> <div  class=\"col-xs-12 col-sm-4 col-padding\"> <a data-cp-link=\"1\" href=\"http:\/\/www.yr.com.tr\/uygulamalar\" target=\"_self\" rel=\"noopener noreferrer\" class=\"\"><i  class=\"fa icon shadow-large-black aligncenter fa-magic reverse round large color1\"><\/i><\/a> <div  data-type=\"column\" class=\"\"> <h4  class=\"\"><span  style=\"color: rgb(230, 35, 131);\">konfigurator online<\/span><\/h4><p  class=\"\" style=\"text-align: left;\"><span  style=\"font-weight: 300;\">\u2013 konfiguracja skrzy\u0144 bieg\u00f3w \u0142atwo online<\/span><br ><span  style=\"font-weight: 300;\">\n\u2013 Plany 2D i 3D dost\u0119pne online<\/span><\/p><\/div> <\/div> <div  class=\"col-xs-12 col-sm-4 col-padding\"> <a data-cp-link=\"1\" href=\"https:\/\/yreduktor.eu\/index.php\/pl\/yilmaz-reduktor-pl\/do-pobrania\" target=\"_self\" rel=\"noopener\"><i  class=\"fa icon shadow-large-black aligncenter fa-book reverse round large color1\"><\/i><\/a> <div  data-type=\"column\" class=\"\"> <h4  class=\"\"><span  style=\"color: rgb(230, 35, 131);\">katalogi i karty produktu<\/span><\/h4><p  class=\"\" style=\"text-align: left;\"><span  style=\"font-weight: 300;\">\u2013 katalogi i karty produktu w jednym miejscu<\/span><\/p><\/div> <\/div><\/div> <\/div><\/div><div  data-label=\"Overlappable\" data-id=\"overlappable--4\" data-export-id=\"overlappable-1\" data-category=\"overlappable\" class=\"overlappable-1 content-section content-section-spacing\" data-overlap=\"true\" id=\"overlappable-4\" style=\"background-color: rgb(255, 255, 255);\"><div  class=\"gridContainer\"> <div  data-type=\"row\" class=\"row shadow-medium\"><div  data-type=\"column\" class=\"col-xs-12 col-sm-4 flexcol bg-color-white col-padding col-padding-small-xs\"><h2  class=\"\">Unikalna konstrukcja monolityczna<\/h2>    <p  class=\"\"><span  style=\"font-weight: 300;\">Now\u0105 generacj\u0119 skrzyni bieg\u00f3w Yilmaz Red\u00fckt\u00f6r dzi\u0119ki ich konstrukcji monolitycznej cechuje absolutna precyzyjno\u015b\u0107, trwa\u0142o\u015b\u0107 i stabilno\u015b\u0107.<\/span><\/p><p  class=\"\"><span  style=\"font-weight: 300;\">Konstrukcj\u0119 monolityczn\u0105 (monoblokow\u0105) maj\u0105 wszystkie serie skrzy\u0144 bieg\u00f3w opr\u00f3cz serii Y.<\/span><\/p><\/div>   <div  data-type=\"column\" class=\"col-xs-12 col-sm-4 flexcol col-padding col-padding-small-xs bg-color5\">    <img decoding=\"async\"  class=\"custom-image\" src=\"https:\/\/yreduktor.eu\/wp-content\/uploads\/2019\/05\/detail_1_347.png\" title=\"detail_1_347\" alt=\"\"><\/div><div  data-type=\"column\" class=\"col-xs-12 col-sm-4 flexcol bg-color-white col-padding col-padding-small-xs\"><h2  class=\"\">Absolutna precyzyjno\u015b\u0107 produktu<\/h2>    <p  class=\"\"><span  style=\"font-weight: 300;\">Dzi\u0119ki najnowocze\u015bniejszym maszynom CNC zosta\u0142a zapewniona absolutna precyzyjno\u015b\u0107  poszczeg\u00f3lnych cz\u0119\u015bci (ko\u0142nierzy, \u0142o\u017cysk itp.)  oraz ich powierzchni, a tym samym r\u00f3wnie\u017c ca\u0142kowita jako\u015b\u0107 produktu.<\/span><\/p><\/div><div  data-type=\"column\" class=\"col-xs-12 col-sm-4 flexcol bg-color-white col-padding col-padding-small-xs\">    <img decoding=\"async\"  class=\"custom-image\" src=\"https:\/\/yreduktor.eu\/wp-content\/uploads\/2019\/01\/8.png\" title=\"vizualizace p\u0159evodovky Yilmaz Red\u00fckt\u00f6r\" alt=\"\"><\/div><div  data-type=\"column\" class=\"col-xs-12 col-sm-4 flexcol col-padding col-padding-small-xs bg-color6\">   <h2  class=\"\">11 serii produktowych skrzyni bieg\u00f3w<\/h2><p  class=\"\"><span  style=\"font-weight: 300;\">Szerokie portfolio produkt\u00f3w umo\u017cliwia wyb\u00f3r skrzyni bieg\u00f3w najodpowiedniejszej dla Twojej aplikacji.<\/span><\/p> <\/div><div  data-type=\"column\" class=\"col-xs-12 col-sm-4 flexcol col-padding col-padding-small-xs bg-color1\">   <h2  class=\"\"><span  style=\"color: rgb(255, 255, 255);\">Kr\u00f3tkie terminy dostawy<\/span><\/h2><p  class=\"\"><span  style=\"font-weight: 300; color: rgb(255, 255, 255);\">Kr\u00f3tkie terminy dostawy s\u0105 zapewnione dzi\u0119ki temu, \u017ce wszelka produkcja przebiega na jednym miejscu.<\/span><\/p> <p  class=\"\"><span  style=\"font-weight: 300; color: rgb(255, 255, 255);\">Dystrybutor skrzyni bieg\u00f3w w RC, firma D2Drives ponadto ma w magazynie du\u017ce zapasy najcz\u0119\u015bciej u\u017cywanych zestaw\u00f3w i mo\u017ce je dostarczy\u0107 najp\u00f3\u017aniej na drugi dzie\u0144.<\/span><\/p><\/div><div  data-type=\"column\" class=\"col-xs-12 col-sm-4 flexcol bg-color-white col-padding col-padding-small-xs\">    <h2  class=\"\">W pe\u0142ni kompatybilne z pozosta\u0142ymi produktami na rynku<\/h2><\/div><div  data-type=\"column\" class=\"col-xs-12 col-sm-4 flexcol col-padding col-padding-small-xs bg-color1\">    <img decoding=\"async\"  class=\"custom-image\" src=\"https:\/\/yreduktor.eu\/wp-content\/uploads\/2019\/05\/yilmaz_back_347.jpg\" title=\"yilmaz_back_347\" alt=\"\"><\/div><div  data-type=\"column\" class=\"col-xs-12 col-sm-4 flexcol bg-color-white col-padding col-padding-small-xs\">   <h2  class=\"\">Spe\u0142niaj\u0105 najbardziej wymagaj\u0105ce standardy<\/h2><p  class=\"\"><span  style=\"font-weight: 300;\">\u2013 ISO 9001, ISO 281, ISO 6336:2006<\/span><br ><span  style=\"font-weight: 300;\">\n\u2013 DIN 743, DIN 3990<\/span><br ><span  style=\"font-weight: 300;\">\n\u2013 certyfikacja ATEX<\/span><\/p> <\/div><\/div><\/div> <\/div><div  data-label=\"Features\" data-id=\"features--3\" data-export-id=\"features-13\" data-category=\"features\" class=\"features-13 content-section content-section-spacing\" id=\"features-3\" style=\"background-color: rgb(255, 255, 255);\"><div  class=\"gridContainer\"> <div  class=\"row text-center\"><div  class=\"section-title-col\" data-type=\"column\"> <h2  class=\"\">Ca\u0142a baza produkt\u00f3w dost\u0119pna online<\/h2> <p  class=\"\"><span  style=\"font-weight: 300;\">Dzi\u0119ki unikalnej online aplikacji GST s\u0105 wykresy 2D i 3D dost\u0119pne  (wystarczy par\u0119 klikni\u0119\u0107) r\u00f3wnie\u017c we wszystkich stosowanych formatach (PDF, DWG, DXF, CGR, IGS i in.).<\/span><\/p><\/div> <\/div> <div  class=\"row spaced-cols\" data-type=\"row\"> <div  class=\"col col-sm-6 space-bottom col-md-4\">   <h4  class=\"\"><span  style=\"color: rgb(230, 35, 131);\">wykresy 2D i 3D \u2013 wystaczy par\u0119 klikni\u0119\u0107<\/span><\/h4><p  class=\"\"><span  style=\"font-weight: 300;\">Wykresy techniczne i karty produktu ze szczeg\u00f3\u0142owymi specyfikacjami s\u0105 dost\u0119pne \u2013 wystarczy par\u0119 klikni\u0119\u0107.<\/span><\/p> <a data-cp-link=\"1\" href=\"http:\/\/www.yr.com.tr\/hizli-resim\" class=\"\" target=\"_self\" rel=\"noopener\"><img decoding=\"async\"  class=\"custom-image\" src=\"https:\/\/yreduktor.eu\/wp-content\/uploads\/2019\/01\/cropped-gst_aplikace_square-1.png\" title=\"cropped-gst_aplikace_square-1.png\" alt=\"\"><\/a><p  class=\"\"><span  style=\"font-weight: 300;\">Wykresy i modele wszystkich produkt\u00f3w poszczeg\u00f3lnych serii produkcyjnych skrzyni bieg\u00f3w mo\u017cna zyska\u0107 w setkach r\u00f3\u017cnych konfiguracjach.<\/span><\/p><\/div> <div  class=\"col col-sm-6 space-bottom col-md-4\"> <h4  class=\"\"><span  style=\"color: rgb(230, 35, 131);\">aplikacja GST<\/span><\/h4> <a data-cp-link=\"1\" href=\"http:\/\/www.yr.com.tr\/reduktor-secim\" class=\"\" target=\"_self\" rel=\"noopener\"><img decoding=\"async\"  class=\"custom-image\" src=\"https:\/\/yreduktor.eu\/wp-content\/uploads\/2019\/03\/gst_kolaz_2.png\" title=\"n\u00e1kres p\u0159evodovky\" alt=\"\"><\/a><p  class=\"\"><span  style=\"font-weight: 300;\">Szczeg\u00f3\u0142owo opracowana aplikacja online \u015bwietnie pos\u0142u\u017cy zaopatrzeniowcom, pracownikom technicznym oraz konstruktorom.<\/span><\/p> <\/div> <div  class=\"col col-sm-6 space-bottom col-md-4\">  <h4  class=\"\"><span  style=\"color: rgb(230, 35, 131);\">konfigurator online<\/span><\/h4><p  class=\"\"><span  style=\"font-weight: 300;\">Konfigurator online umo\u017cliwia szczeg\u00f3\u0142ow\u0105 konfiguracj\u0119 skrzy\u0144 bieg\u00f3w. Wi\u0119ksz\u0105 podgl\u0105dowo\u015b\u0107 i przejrzysyto\u015b\u0107 ka\u017cdego kolejnego kroku zapewni\u0105 wizualizacje danego produktu.<\/span><\/p> <a class=\"button color1\" href=\"http:\/\/www.yr.com.tr\/uygulamalar\" target=\"_self\" data-cp-link=\"1\" data-icon=\"\" rel=\"noopener noreferrer\">KONFIGURATOR ONLINE <\/a><a data-cp-link=\"1\" href=\"http:\/\/www.yr.com.tr\/uygulamalar\" class=\"\" target=\"_self\" rel=\"noopener\"><img decoding=\"async\"  class=\"custom-image\" src=\"https:\/\/yreduktor.eu\/wp-content\/uploads\/2019\/03\/konfigurator_kolaz.png\" title=\"konfigur\u00e1tor p\u0159evodovek\" alt=\"\"><\/a><\/div>  <\/div><\/div> <\/div><div  data-label=\"Cta\" data-id=\"cta--2\" data-export-id=\"cta-blue-section\" data-category=\"cta\" class=\"cta-blue-section content-section content-section-spacing-medium bg-color1 white-text\" id=\"cta-2\"><div  class=\"gridContainer\"> <div  class=\"row middle-xs\"><div  class=\"col-sm-8 space-bottom-xs\" data-type=\"column\"> <h2  class=\"\">Wybierz w\u0142a\u015bciw\u0105 skrzyni\u0119 bieg\u00f3w. <span  style=\"font-weight: 300;\">Teraz.<\/span><\/h2> <\/div> <div  class=\"col-sm-4 end-sm\" data-type=\"column\"> <a class=\"button color2\" href=\"http:\/\/www.yr.com.tr\/reduktor-secim\" target=\"_self\" data-cp-link=\"1\" data-icon=\"\" rel=\"noopener noreferrer\">APLIKACJA GST<\/a><\/div> <\/div><\/div> <\/div>","protected":false},"excerpt":{"rendered":"<p>Skrzynie bieg\u00f3w Yilmaz Red\u00fckt\u00f6r podstawowe w\u0142a\u015bciwo\u015bci\u2013 mo\u017cliwo\u015bci konfiguracji \u2013 rozmiary \u2013 okoliczne \u015brodowisko konfigurator online\u2013 konfiguracja skrzy\u0144 bieg\u00f3w \u0142atwo online \u2013 Plany 2D i 3D dost\u0119pne online katalogi i karty produktu\u2013 katalogi i karty produktu w jednym miejscu Unikalna konstrukcja monolityczna Now\u0105 generacj\u0119 skrzyni bieg\u00f3w Yilmaz Red\u00fckt\u00f6r dzi\u0119ki ich konstrukcji monolitycznej cechuje absolutna precyzyjno\u015b\u0107, trwa\u0142o\u015b\u0107&hellip; <br \/> <a class=\"read-more\" href=\"https:\/\/www.yreduktor.eu\/index.php\/pl\/yilmaz-reduktor-pl\/skrzynie-biegow\/\">Read more<\/a><\/p>\n","protected":false},"author":1,"featured_media":0,"parent":1161,"menu_order":3,"comment_status":"closed","ping_status":"closed","template":"pro\/page-templates\/page-with-small-header.php","meta":{"footnotes":""},"yoast_head":"<!-- This site is optimized with the Yoast SEO plugin v21.3 - https:\/\/yoast.com\/wordpress\/plugins\/seo\/ -->\n<title>Skrzynie bieg\u00f3w - Yilmaz Red\u00fckt\u00f6r<\/title>\n<meta name=\"description\" content=\"Now\u0105 generacj\u0119 skrzyni bieg\u00f3w Yilmaz Red\u00fckt\u00f6r dzi\u0119ki ich konstrukcji monolitycznej cechuje absolutna precyzyjno\u015b\u0107, trwa\u0142o\u015b\u0107 i stabilno\u015b\u0107.\" \/>\n<meta name=\"robots\" content=\"index, follow, max-snippet:-1, max-image-preview:large, max-video-preview:-1\" \/>\n<link rel=\"canonical\" href=\"https:\/\/www.yreduktor.eu\/index.php\/pl\/yilmaz-reduktor-pl\/skrzynie-biegow\/\" \/>\n<meta property=\"og:locale\" content=\"cs_CZ\" \/>\n<meta property=\"og:type\" content=\"article\" \/>\n<meta property=\"og:title\" content=\"Skrzynie bieg\u00f3w - Yilmaz Red\u00fckt\u00f6r\" \/>\n<meta property=\"og:description\" content=\"Now\u0105 generacj\u0119 skrzyni bieg\u00f3w Yilmaz Red\u00fckt\u00f6r dzi\u0119ki ich konstrukcji monolitycznej cechuje absolutna precyzyjno\u015b\u0107, trwa\u0142o\u015b\u0107 i stabilno\u015b\u0107.\" \/>\n<meta property=\"og:url\" content=\"https:\/\/www.yreduktor.eu\/index.php\/pl\/yilmaz-reduktor-pl\/skrzynie-biegow\/\" \/>\n<meta property=\"og:site_name\" content=\"Yilmaz Red\u00fckt\u00f6r\" \/>\n<meta property=\"article:modified_time\" content=\"2022-05-08T18:26:35+00:00\" \/>\n<meta property=\"og:image\" content=\"https:\/\/www.yreduktor.eu\/wp-content\/uploads\/2019\/03\/yilmaz_FB_cover-pic.jpg\" \/>\n\t<meta property=\"og:image:width\" content=\"1200\" \/>\n\t<meta property=\"og:image:height\" content=\"630\" \/>\n\t<meta property=\"og:image:type\" content=\"image\/jpeg\" \/>\n<meta name=\"twitter:card\" content=\"summary_large_image\" \/>\n<meta name=\"twitter:label1\" content=\"Odhadovan\u00e1 doba \u010dten\u00ed\" \/>\n\t<meta name=\"twitter:data1\" content=\"2 minuty\" \/>\n<script type=\"application\/ld+json\" class=\"yoast-schema-graph\">{\"@context\":\"https:\/\/schema.org\",\"@graph\":[{\"@type\":\"WebPage\",\"@id\":\"https:\/\/www.yreduktor.eu\/index.php\/pl\/yilmaz-reduktor-pl\/skrzynie-biegow\/\",\"url\":\"https:\/\/www.yreduktor.eu\/index.php\/pl\/yilmaz-reduktor-pl\/skrzynie-biegow\/\",\"name\":\"Skrzynie bieg\u00f3w - Yilmaz Red\u00fckt\u00f6r\",\"isPartOf\":{\"@id\":\"https:\/\/yreduktor.eu\/#website\"},\"datePublished\":\"2019-05-22T14:06:14+00:00\",\"dateModified\":\"2022-05-08T18:26:35+00:00\",\"description\":\"Now\u0105 generacj\u0119 skrzyni bieg\u00f3w Yilmaz Red\u00fckt\u00f6r dzi\u0119ki ich konstrukcji monolitycznej cechuje absolutna precyzyjno\u015b\u0107, trwa\u0142o\u015b\u0107 i stabilno\u015b\u0107.\",\"breadcrumb\":{\"@id\":\"https:\/\/www.yreduktor.eu\/index.php\/pl\/yilmaz-reduktor-pl\/skrzynie-biegow\/#breadcrumb\"},\"inLanguage\":\"cs\",\"potentialAction\":[{\"@type\":\"ReadAction\",\"target\":[\"https:\/\/www.yreduktor.eu\/index.php\/pl\/yilmaz-reduktor-pl\/skrzynie-biegow\/\"]}]},{\"@type\":\"BreadcrumbList\",\"@id\":\"https:\/\/www.yreduktor.eu\/index.php\/pl\/yilmaz-reduktor-pl\/skrzynie-biegow\/#breadcrumb\",\"itemListElement\":[{\"@type\":\"ListItem\",\"position\":1,\"name\":\"Dom\u016f\",\"item\":\"https:\/\/yreduktor.eu\/\"},{\"@type\":\"ListItem\",\"position\":2,\"name\":\"Yilmaz Red\u00fckt\u00f6r PL\",\"item\":\"https:\/\/yreduktor.eu\/index.php\/pl\/\"},{\"@type\":\"ListItem\",\"position\":3,\"name\":\"Skrzynie bieg\u00f3w\"}]},{\"@type\":\"WebSite\",\"@id\":\"https:\/\/yreduktor.eu\/#website\",\"url\":\"https:\/\/yreduktor.eu\/\",\"name\":\"Yilmaz Red\u00fckt\u00f6r\",\"description\":\"P\u0159evodovky Yilmaz v \u010cR.\",\"potentialAction\":[{\"@type\":\"SearchAction\",\"target\":{\"@type\":\"EntryPoint\",\"urlTemplate\":\"https:\/\/yreduktor.eu\/?s={search_term_string}\"},\"query-input\":\"required name=search_term_string\"}],\"inLanguage\":\"cs\"}]}<\/script>\n<!-- \/ Yoast SEO plugin. -->","yoast_head_json":{"title":"Skrzynie bieg\u00f3w - Yilmaz Red\u00fckt\u00f6r","description":"Now\u0105 generacj\u0119 skrzyni bieg\u00f3w Yilmaz Red\u00fckt\u00f6r dzi\u0119ki ich konstrukcji monolitycznej cechuje absolutna precyzyjno\u015b\u0107, trwa\u0142o\u015b\u0107 i stabilno\u015b\u0107.","robots":{"index":"index","follow":"follow","max-snippet":"max-snippet:-1","max-image-preview":"max-image-preview:large","max-video-preview":"max-video-preview:-1"},"canonical":"https:\/\/www.yreduktor.eu\/index.php\/pl\/yilmaz-reduktor-pl\/skrzynie-biegow\/","og_locale":"cs_CZ","og_type":"article","og_title":"Skrzynie bieg\u00f3w - Yilmaz Red\u00fckt\u00f6r","og_description":"Now\u0105 generacj\u0119 skrzyni bieg\u00f3w Yilmaz Red\u00fckt\u00f6r dzi\u0119ki ich konstrukcji monolitycznej cechuje absolutna precyzyjno\u015b\u0107, trwa\u0142o\u015b\u0107 i stabilno\u015b\u0107.","og_url":"https:\/\/www.yreduktor.eu\/index.php\/pl\/yilmaz-reduktor-pl\/skrzynie-biegow\/","og_site_name":"Yilmaz Red\u00fckt\u00f6r","article_modified_time":"2022-05-08T18:26:35+00:00","og_image":[{"width":1200,"height":630,"url":"https:\/\/www.yreduktor.eu\/wp-content\/uploads\/2019\/03\/yilmaz_FB_cover-pic.jpg","type":"image\/jpeg"}],"twitter_card":"summary_large_image","twitter_misc":{"Odhadovan\u00e1 doba \u010dten\u00ed":"2 minuty"},"schema":{"@context":"https:\/\/schema.org","@graph":[{"@type":"WebPage","@id":"https:\/\/www.yreduktor.eu\/index.php\/pl\/yilmaz-reduktor-pl\/skrzynie-biegow\/","url":"https:\/\/www.yreduktor.eu\/index.php\/pl\/yilmaz-reduktor-pl\/skrzynie-biegow\/","name":"Skrzynie bieg\u00f3w - Yilmaz Red\u00fckt\u00f6r","isPartOf":{"@id":"https:\/\/yreduktor.eu\/#website"},"datePublished":"2019-05-22T14:06:14+00:00","dateModified":"2022-05-08T18:26:35+00:00","description":"Now\u0105 generacj\u0119 skrzyni bieg\u00f3w Yilmaz Red\u00fckt\u00f6r dzi\u0119ki ich konstrukcji monolitycznej cechuje absolutna precyzyjno\u015b\u0107, trwa\u0142o\u015b\u0107 i stabilno\u015b\u0107.","breadcrumb":{"@id":"https:\/\/www.yreduktor.eu\/index.php\/pl\/yilmaz-reduktor-pl\/skrzynie-biegow\/#breadcrumb"},"inLanguage":"cs","potentialAction":[{"@type":"ReadAction","target":["https:\/\/www.yreduktor.eu\/index.php\/pl\/yilmaz-reduktor-pl\/skrzynie-biegow\/"]}]},{"@type":"BreadcrumbList","@id":"https:\/\/www.yreduktor.eu\/index.php\/pl\/yilmaz-reduktor-pl\/skrzynie-biegow\/#breadcrumb","itemListElement":[{"@type":"ListItem","position":1,"name":"Dom\u016f","item":"https:\/\/yreduktor.eu\/"},{"@type":"ListItem","position":2,"name":"Yilmaz Red\u00fckt\u00f6r PL","item":"https:\/\/yreduktor.eu\/index.php\/pl\/"},{"@type":"ListItem","position":3,"name":"Skrzynie bieg\u00f3w"}]},{"@type":"WebSite","@id":"https:\/\/yreduktor.eu\/#website","url":"https:\/\/yreduktor.eu\/","name":"Yilmaz Red\u00fckt\u00f6r","description":"P\u0159evodovky Yilmaz v \u010cR.","potentialAction":[{"@type":"SearchAction","target":{"@type":"EntryPoint","urlTemplate":"https:\/\/yreduktor.eu\/?s={search_term_string}"},"query-input":"required name=search_term_string"}],"inLanguage":"cs"}]}},"lang":"pl","translations":{"cs":220,"pl":1177,"en":1254},"jetpack_sharing_enabled":true,"pll_sync_post":[],"_links":{"self":[{"href":"https:\/\/www.yreduktor.eu\/index.php\/wp-json\/wp\/v2\/pages\/1177"}],"collection":[{"href":"https:\/\/www.yreduktor.eu\/index.php\/wp-json\/wp\/v2\/pages"}],"about":[{"href":"https:\/\/www.yreduktor.eu\/index.php\/wp-json\/wp\/v2\/types\/page"}],"author":[{"embeddable":true,"href":"https:\/\/www.yreduktor.eu\/index.php\/wp-json\/wp\/v2\/users\/1"}],"replies":[{"embeddable":true,"href":"https:\/\/www.yreduktor.eu\/index.php\/wp-json\/wp\/v2\/comments?post=1177"}],"version-history":[{"count":13,"href":"https:\/\/www.yreduktor.eu\/index.php\/wp-json\/wp\/v2\/pages\/1177\/revisions"}],"predecessor-version":[{"id":1602,"href":"https:\/\/www.yreduktor.eu\/index.php\/wp-json\/wp\/v2\/pages\/1177\/revisions\/1602"}],"up":[{"embeddable":true,"href":"https:\/\/www.yreduktor.eu\/index.php\/wp-json\/wp\/v2\/pages\/1161"}],"wp:attachment":[{"href":"https:\/\/www.yreduktor.eu\/index.php\/wp-json\/wp\/v2\/media?parent=1177"}],"curies":[{"name":"wp","href":"https:\/\/api.w.org\/{rel}","templated":true}]}}