{"id":1173,"date":"2019-05-22T16:06:14","date_gmt":"2019-05-22T14:06:14","guid":{"rendered":"https:\/\/www.yreduktor.eu\/?page_id=1173"},"modified":"2019-06-25T13:29:59","modified_gmt":"2019-06-25T11:29:59","slug":"o-firmie-yilmaz-reduktor","status":"publish","type":"page","link":"https:\/\/www.yreduktor.eu\/index.php\/pl\/yilmaz-reduktor-pl\/o-firmie-yilmaz-reduktor\/","title":{"rendered":"O firmie Yilmaz Red\u00fckt\u00f6r"},"content":{"rendered":"<div  data-label=\"H1\" data-id=\"cta--2\" data-export-id=\"cta-centered-bg-section\" data-category=\"cta\" data-section-ov=\"1\" class=\"cta-centered-bg-section content-section content-section-spacing-medium white-text\" data-parallax-depth=\"20\" id=\"h1\" style=\"background-color: rgb(255, 255, 255); background-image: none; background-size: cover; background-position: center top;\"><div  class=\"gridContainer\"> <div  class=\"row text-center\"><div  data-type=\"column\" class=\"\">  <h1  class=\"\"><span  style=\"color: rgb(73, 73, 73);\">Yilmaz Red\u00fcktor w kilku s\u0142owach<\/span><\/h1><p  class=\"\"><span  style=\"color: rgb(73, 73, 73); font-weight: 300;\">Pytasz, dlaczego wybra\u0107 na czeskim rynku w\u0142a\u015bnie nieznan\u0105 firm\u0119 tureck\u0105 Yilmaz Red\u00fckt\u00f6r? Oto na czym polega nasza wygoda konkurencyjna.<\/span><\/p><\/div> <\/div><\/div> <\/div><div  data-label=\"Overlappable\" data-id=\"overlappable--1\" data-export-id=\"overlappable-1\" data-category=\"overlappable\" class=\"overlappable-1 content-section content-section-spacing content-relative\" data-overlap=\"true\" id=\"overlappable-1\" style=\"background-color: rgb(255, 255, 255);\"><div  class=\"gridContainer\"> <div  data-type=\"row\" class=\"row shadow-medium\"><div  data-type=\"column\" class=\"col-xs-12 col-sm-4 flexcol bg-color-white col-padding col-padding-small-xs\">   <h2  class=\"\">1958<\/h2><p  class=\"\">W roku 1958 za\u0142o\u017cono w Stambule firm\u0119 Yilmaz Red\u00fcktor.<br >\r\nObecnie jest to najwi\u0119kszy producent skrzyni bieg\u00f3w w Turcji i ma dobrze ugruntowan\u0105 pozycj\u0119 r\u00f3wnie\u017c mi\u0119dzy \u015bwiatowymi producentami skrzy\u0144 bieg\u00f3w.<\/p> <\/div>   <div  data-type=\"column\" class=\"col-xs-12 col-sm-4 flexcol col-padding col-padding-small-xs bg-color-white\"><img decoding=\"async\"  class=\"custom-image lazyloaded\" src=\"http:\/\/www.yreduktor.eu\/wp-content\/uploads\/2019\/03\/yilmaz_image_pic_3-1.png\" data-lazy-src=\"http:\/\/www.yreduktor.eu\/wp-content\/uploads\/2019\/03\/yilmaz_image_pic_3-1.png\" alt=\"\" title=\"yilmaz_image_pic_3\" data-was-processed=\"true\">    <\/div><div  data-type=\"column\" class=\"col-xs-12 col-sm-4 flexcol col-padding col-padding-small-xs inverted bg-color2\">  <h2  class=\"\">2013<\/h2><p  class=\"\">W roku 2013 powsta\u0142a firma ELK Motor jako matka-c\u00f3rka Yilmaz Red\u00fckt\u00f6r. To wszystko z celem poszerzenia serii produkcyjnych i specjalizacji wy\u0142\u0105cznie na silniki elektryczne.<\/p> <\/div><div  data-type=\"column\" class=\"col-xs-12 col-sm-4 flexcol col-padding col-padding-small-xs bg-color5\">   <h2  class=\"\"><span  style=\"color: rgb(255, 255, 255);\">Wysokie standardy<\/span><\/h2><p  class=\"\"><span  style=\"color: rgb(255, 255, 255);\">K\u0142ad\u0105 nacisk nie tylko na zachowanie wysokich standard\u00f3w jako\u015bci produkt\u00f3w, ale r\u00f3wnie\u017c aspekt\u00f3w ekologicznych. Ponadto bardzo ceni\u0105 swoich pracownik\u00f3w.\r\n<\/span><br ><br ><span  style=\"color: rgb(255, 255, 255);\">Dowodem tego s\u0105 r\u00f3\u017cne certyfikaty i nagrody w\u0142\u0105cznie ISO 9001, standardy TSE, deklaracja zgodno\u015bci, certyfikacja ATEX i mn\u00f3stwo innych.<\/span><\/p> <\/div><div  data-type=\"column\" class=\"col-xs-12 col-sm-4 flexcol col-padding col-padding-small-xs bg-color1\">    <h2  class=\"\"><span  style=\"color: rgb(255, 255, 255);\">D\u0142ugoletnie know-how i do\u015bwiadczenie<\/span><\/h2><p  class=\"\"><span  style=\"color: rgb(255, 255, 255);\">W ci\u0105gu ponad 60- letniej dzia\u0142alno\u015bci zosta\u0142a liderem w produkcji skrzy\u0144 bieg\u00f3w w kraju i na ca\u0142ym \u015bwiecie.<\/span><\/p><\/div><div  data-type=\"column\" class=\"col-xs-12 col-sm-4 flexcol bg-color-white col-padding col-padding-small-xs\">    <img decoding=\"async\"  class=\"custom-image lazyloaded\" src=\"http:\/\/www.yreduktor.eu\/wp-content\/uploads\/2019\/03\/DR-Parallel-Shaft.jpg\" data-lazy-src=\"http:\/\/www.yreduktor.eu\/wp-content\/uploads\/2019\/03\/DR-Parallel-Shaft.jpg\" alt=\"\" title=\"ploch\u00e9 (paraleln\u00ed) p\u0159evodovky\" data-was-processed=\"true\"><\/div><div  data-type=\"column\" class=\"col-xs-12 col-sm-4 flexcol col-padding col-padding-small-xs inverted bg-color6\"><img decoding=\"async\"  class=\"custom-image lazyloaded\" src=\"http:\/\/www.yreduktor.eu\/wp-content\/uploads\/2019\/03\/yilmaz_image_HP_2.jpg\" data-lazy-src=\"http:\/\/www.yreduktor.eu\/wp-content\/uploads\/2019\/03\/yilmaz_image_HP_2.jpg\" alt=\"\" title=\"yilmaz_image_HP_2\" data-was-processed=\"true\">   <\/div><div  data-type=\"column\" class=\"col-xs-12 col-sm-4 flexcol bg-color-white col-padding col-padding-small-xs\">   <h2  class=\"\">11 typ\u00f3w skrzyni bieg\u00f3w<\/h2><p  class=\"\">Szerokie portfolio produkt\u00f3w zapewnia mo\u017cliwo\u015b\u0107 wyboru produktu dla ka\u017cdej aplikacji przemys\u0142owej albo zak\u0142adu.<\/p> <a  class=\"button color1\" href=\"index.php\/pl\/yilmaz-reduktor-pl\/skrzynie-biegow\" target=\"_self\" data-cp-link=\"1\" data-icon=\"\" rel=\"noopener noreferrer\">SKRZYNIE BIEG\u00d3W<\/a><\/div><div  data-type=\"column\" class=\"col-xs-12 col-sm-4 flexcol col-padding col-padding-small-xs bg-color1\">   <h2  class=\"\"><span  style=\"color: rgb(255, 255, 255);\">Produkcja na zam\u00f3wienie<\/span><\/h2><p  class=\"\"><span  style=\"color: rgb(255, 255, 255);\">W pe\u0142ni wyposa\u017cona fabryka z w\u0142asnym o\u015brodkiem R&amp;D umo\u017cliwia produkcj\u0119 skrzy\u0144 bieg\u00f3w wed\u0142ug precyzyjnych specyfikacji klienta wprost na miar\u0119.<\/span><\/p> <\/div><\/div><\/div> <\/div><div  data-label=\"Gallery\" data-id=\"gallery--1\" data-export-id=\"gallery-2\" data-category=\"gallery\" class=\"gallery-2 content-section content-section-spacing\" id=\"gallery-1\" style=\"background-color: rgb(255, 255, 255); background-image: none;\"><div  class=\"\"> <div  class=\"row\"><div  class=\"col-xs-12 full-no-padding\" data-editable=\"true\" data-content-shortcode=\"mesmerize_gallery id=&quot;mesmerize-gallery-2&quot; columns=&quot;3&quot; ids=&quot;610,1008,609&quot; lb=&quot;1&quot; masonry=&quot;0&quot; size=&quot;medium&quot; link=&quot;file&quot; \"><div id='mesmerize-gallery-2' class='gallery-wrapper'><style type=\"text\/css\">\n                    @media only screen and (min-width: 768px) {\n                    [data-unique-id='mesmerize-gallery-2-69e7ecc0357bc'] dl {\n                        float: left;\n                        width: 33.333333333333% !important;\n                        max-width:  33.333333333333% !important;\n                        min-width:  33.333333333333% !important;\n                    }\n\n                    [data-unique-id='mesmerize-gallery-2-69e7ecc0357bc'] dl:nth-of-type(3n +1 ) {\n                      clear: both;\n                      }\n                    }\n                <\/style><div id='mesmerize-gallery-2' class='mesmerize-gallery-2-dls-wrapper gallery-items-wrapper materialis-gallery' data-unique-id='mesmerize-gallery-2-69e7ecc0357bc'><dl class='gallery-item'>\n\t\t\t<dt class='gallery-icon landscape'>\n\t\t\t\t<a data-fancybox=\"mesmerize-gallery-2-group\" href='https:\/\/www.yreduktor.eu\/wp-content\/uploads\/2019\/02\/yilmaz_image_pic_1_small.png'><img  width=\"300\" height=\"169\" src=\"https:\/\/www.yreduktor.eu\/wp-content\/uploads\/2019\/02\/yilmaz_image_pic_1_small.png\"  class='mesmerize-gallery-2-image' alt=\"\" decoding=\"async\" loading=\"lazy\" \/><\/a>\n\t\t\t<\/dt><\/dl><dl class='gallery-item'>\n\t\t\t<dt class='gallery-icon landscape'>\n\t\t\t\t<a data-fancybox=\"mesmerize-gallery-2-group\" href='https:\/\/www.yreduktor.eu\/wp-content\/uploads\/2019\/03\/yilmaz_image_pic_3-1.png'><img  width=\"300\" height=\"169\" src=\"https:\/\/www.yreduktor.eu\/wp-content\/uploads\/2019\/03\/yilmaz_image_pic_3-1.png\"  class='mesmerize-gallery-2-image' alt=\"\" decoding=\"async\" loading=\"lazy\" \/><\/a>\n\t\t\t<\/dt><\/dl><dl class='gallery-item'>\n\t\t\t<dt class='gallery-icon landscape'>\n\t\t\t\t<a data-fancybox=\"mesmerize-gallery-2-group\" href='https:\/\/www.yreduktor.eu\/wp-content\/uploads\/2019\/02\/yilmaz_hala_small.jpg'><img  width=\"300\" height=\"169\" src=\"https:\/\/www.yreduktor.eu\/wp-content\/uploads\/2019\/02\/yilmaz_hala_small.jpg\"  class='mesmerize-gallery-2-image' alt=\"\" decoding=\"async\" loading=\"lazy\" \/><\/a>\n\t\t\t<\/dt><\/dl>\n\t\t<\/div>\n<script>(function($){window.MaterialisCaptionsGallery && window.MaterialisCaptionsGallery($('[data-unique-id=\"mesmerize-gallery-2-69e7ecc0357bc\"]'))})(jQuery)<\/script><\/div><\/div><\/div> <\/div><\/div>","protected":false},"excerpt":{"rendered":"<p>Yilmaz Red\u00fcktor w kilku s\u0142owachPytasz, dlaczego wybra\u0107 na czeskim rynku w\u0142a\u015bnie nieznan\u0105 firm\u0119 tureck\u0105 Yilmaz Red\u00fckt\u00f6r? Oto na czym polega nasza wygoda konkurencyjna. 1958W roku 1958 za\u0142o\u017cono w Stambule firm\u0119 Yilmaz Red\u00fcktor. Obecnie jest to najwi\u0119kszy producent skrzyni bieg\u00f3w w Turcji i ma dobrze ugruntowan\u0105 pozycj\u0119 r\u00f3wnie\u017c mi\u0119dzy \u015bwiatowymi producentami skrzy\u0144 bieg\u00f3w. 2013W roku 2013&hellip; <br \/> <a class=\"read-more\" href=\"https:\/\/www.yreduktor.eu\/index.php\/pl\/yilmaz-reduktor-pl\/o-firmie-yilmaz-reduktor\/\">Read more<\/a><\/p>\n","protected":false},"author":1,"featured_media":0,"parent":1161,"menu_order":1,"comment_status":"closed","ping_status":"closed","template":"pro\/page-templates\/page-with-small-header.php","meta":{"footnotes":""},"yoast_head":"<!-- This site is optimized with the Yoast SEO plugin v21.3 - https:\/\/yoast.com\/wordpress\/plugins\/seo\/ -->\n<title>O firmie Yilmaz Red\u00fckt\u00f6r - Yilmaz Red\u00fckt\u00f6r<\/title>\n<meta name=\"description\" content=\"Obecnie jest to najwi\u0119kszy producent skrzyni bieg\u00f3w w Turcji i ma dobrze ugruntowan\u0105 pozycj\u0119 r\u00f3wnie\u017c mi\u0119dzy \u015bwiatowymi producentami skrzy\u0144 bieg\u00f3w.\" \/>\n<meta name=\"robots\" content=\"index, follow, max-snippet:-1, max-image-preview:large, max-video-preview:-1\" \/>\n<link rel=\"canonical\" href=\"https:\/\/www.yreduktor.eu\/index.php\/pl\/yilmaz-reduktor-pl\/o-firmie-yilmaz-reduktor\/\" \/>\n<meta property=\"og:locale\" content=\"cs_CZ\" \/>\n<meta property=\"og:type\" content=\"article\" \/>\n<meta property=\"og:title\" content=\"O firmie Yilmaz Red\u00fckt\u00f6r - Yilmaz Red\u00fckt\u00f6r\" \/>\n<meta property=\"og:description\" content=\"Obecnie jest to najwi\u0119kszy producent skrzyni bieg\u00f3w w Turcji i ma dobrze ugruntowan\u0105 pozycj\u0119 r\u00f3wnie\u017c mi\u0119dzy \u015bwiatowymi producentami skrzy\u0144 bieg\u00f3w.\" \/>\n<meta property=\"og:url\" content=\"https:\/\/www.yreduktor.eu\/index.php\/pl\/yilmaz-reduktor-pl\/o-firmie-yilmaz-reduktor\/\" \/>\n<meta property=\"og:site_name\" content=\"Yilmaz Red\u00fckt\u00f6r\" \/>\n<meta property=\"article:modified_time\" content=\"2019-06-25T11:29:59+00:00\" \/>\n<meta property=\"og:image\" content=\"https:\/\/www.yreduktor.eu\/wp-content\/uploads\/2019\/03\/yilmaz_FB_cover-pic.jpg\" \/>\n\t<meta property=\"og:image:width\" content=\"1200\" \/>\n\t<meta property=\"og:image:height\" content=\"630\" \/>\n\t<meta property=\"og:image:type\" content=\"image\/jpeg\" \/>\n<meta name=\"twitter:card\" content=\"summary_large_image\" \/>\n<meta name=\"twitter:label1\" content=\"Odhadovan\u00e1 doba \u010dten\u00ed\" \/>\n\t<meta name=\"twitter:data1\" content=\"1 minuta\" \/>\n<script type=\"application\/ld+json\" class=\"yoast-schema-graph\">{\"@context\":\"https:\/\/schema.org\",\"@graph\":[{\"@type\":\"WebPage\",\"@id\":\"https:\/\/www.yreduktor.eu\/index.php\/pl\/yilmaz-reduktor-pl\/o-firmie-yilmaz-reduktor\/\",\"url\":\"https:\/\/www.yreduktor.eu\/index.php\/pl\/yilmaz-reduktor-pl\/o-firmie-yilmaz-reduktor\/\",\"name\":\"O firmie Yilmaz Red\u00fckt\u00f6r - Yilmaz Red\u00fckt\u00f6r\",\"isPartOf\":{\"@id\":\"https:\/\/yreduktor.eu\/#website\"},\"datePublished\":\"2019-05-22T14:06:14+00:00\",\"dateModified\":\"2019-06-25T11:29:59+00:00\",\"description\":\"Obecnie jest to najwi\u0119kszy producent skrzyni bieg\u00f3w w Turcji i ma dobrze ugruntowan\u0105 pozycj\u0119 r\u00f3wnie\u017c mi\u0119dzy \u015bwiatowymi producentami skrzy\u0144 bieg\u00f3w.\",\"breadcrumb\":{\"@id\":\"https:\/\/www.yreduktor.eu\/index.php\/pl\/yilmaz-reduktor-pl\/o-firmie-yilmaz-reduktor\/#breadcrumb\"},\"inLanguage\":\"cs\",\"potentialAction\":[{\"@type\":\"ReadAction\",\"target\":[\"https:\/\/www.yreduktor.eu\/index.php\/pl\/yilmaz-reduktor-pl\/o-firmie-yilmaz-reduktor\/\"]}]},{\"@type\":\"BreadcrumbList\",\"@id\":\"https:\/\/www.yreduktor.eu\/index.php\/pl\/yilmaz-reduktor-pl\/o-firmie-yilmaz-reduktor\/#breadcrumb\",\"itemListElement\":[{\"@type\":\"ListItem\",\"position\":1,\"name\":\"Dom\u016f\",\"item\":\"https:\/\/yreduktor.eu\/\"},{\"@type\":\"ListItem\",\"position\":2,\"name\":\"Yilmaz Red\u00fckt\u00f6r PL\",\"item\":\"https:\/\/yreduktor.eu\/index.php\/pl\/\"},{\"@type\":\"ListItem\",\"position\":3,\"name\":\"O firmie Yilmaz Red\u00fckt\u00f6r\"}]},{\"@type\":\"WebSite\",\"@id\":\"https:\/\/yreduktor.eu\/#website\",\"url\":\"https:\/\/yreduktor.eu\/\",\"name\":\"Yilmaz Red\u00fckt\u00f6r\",\"description\":\"P\u0159evodovky Yilmaz v \u010cR.\",\"potentialAction\":[{\"@type\":\"SearchAction\",\"target\":{\"@type\":\"EntryPoint\",\"urlTemplate\":\"https:\/\/yreduktor.eu\/?s={search_term_string}\"},\"query-input\":\"required name=search_term_string\"}],\"inLanguage\":\"cs\"}]}<\/script>\n<!-- \/ Yoast SEO plugin. -->","yoast_head_json":{"title":"O firmie Yilmaz Red\u00fckt\u00f6r - Yilmaz Red\u00fckt\u00f6r","description":"Obecnie jest to najwi\u0119kszy producent skrzyni bieg\u00f3w w Turcji i ma dobrze ugruntowan\u0105 pozycj\u0119 r\u00f3wnie\u017c mi\u0119dzy \u015bwiatowymi producentami skrzy\u0144 bieg\u00f3w.","robots":{"index":"index","follow":"follow","max-snippet":"max-snippet:-1","max-image-preview":"max-image-preview:large","max-video-preview":"max-video-preview:-1"},"canonical":"https:\/\/www.yreduktor.eu\/index.php\/pl\/yilmaz-reduktor-pl\/o-firmie-yilmaz-reduktor\/","og_locale":"cs_CZ","og_type":"article","og_title":"O firmie Yilmaz Red\u00fckt\u00f6r - Yilmaz Red\u00fckt\u00f6r","og_description":"Obecnie jest to najwi\u0119kszy producent skrzyni bieg\u00f3w w Turcji i ma dobrze ugruntowan\u0105 pozycj\u0119 r\u00f3wnie\u017c mi\u0119dzy \u015bwiatowymi producentami skrzy\u0144 bieg\u00f3w.","og_url":"https:\/\/www.yreduktor.eu\/index.php\/pl\/yilmaz-reduktor-pl\/o-firmie-yilmaz-reduktor\/","og_site_name":"Yilmaz Red\u00fckt\u00f6r","article_modified_time":"2019-06-25T11:29:59+00:00","og_image":[{"width":1200,"height":630,"url":"https:\/\/www.yreduktor.eu\/wp-content\/uploads\/2019\/03\/yilmaz_FB_cover-pic.jpg","type":"image\/jpeg"}],"twitter_card":"summary_large_image","twitter_misc":{"Odhadovan\u00e1 doba \u010dten\u00ed":"1 minuta"},"schema":{"@context":"https:\/\/schema.org","@graph":[{"@type":"WebPage","@id":"https:\/\/www.yreduktor.eu\/index.php\/pl\/yilmaz-reduktor-pl\/o-firmie-yilmaz-reduktor\/","url":"https:\/\/www.yreduktor.eu\/index.php\/pl\/yilmaz-reduktor-pl\/o-firmie-yilmaz-reduktor\/","name":"O firmie Yilmaz Red\u00fckt\u00f6r - Yilmaz Red\u00fckt\u00f6r","isPartOf":{"@id":"https:\/\/yreduktor.eu\/#website"},"datePublished":"2019-05-22T14:06:14+00:00","dateModified":"2019-06-25T11:29:59+00:00","description":"Obecnie jest to najwi\u0119kszy producent skrzyni bieg\u00f3w w Turcji i ma dobrze ugruntowan\u0105 pozycj\u0119 r\u00f3wnie\u017c mi\u0119dzy \u015bwiatowymi producentami skrzy\u0144 bieg\u00f3w.","breadcrumb":{"@id":"https:\/\/www.yreduktor.eu\/index.php\/pl\/yilmaz-reduktor-pl\/o-firmie-yilmaz-reduktor\/#breadcrumb"},"inLanguage":"cs","potentialAction":[{"@type":"ReadAction","target":["https:\/\/www.yreduktor.eu\/index.php\/pl\/yilmaz-reduktor-pl\/o-firmie-yilmaz-reduktor\/"]}]},{"@type":"BreadcrumbList","@id":"https:\/\/www.yreduktor.eu\/index.php\/pl\/yilmaz-reduktor-pl\/o-firmie-yilmaz-reduktor\/#breadcrumb","itemListElement":[{"@type":"ListItem","position":1,"name":"Dom\u016f","item":"https:\/\/yreduktor.eu\/"},{"@type":"ListItem","position":2,"name":"Yilmaz Red\u00fckt\u00f6r PL","item":"https:\/\/yreduktor.eu\/index.php\/pl\/"},{"@type":"ListItem","position":3,"name":"O firmie Yilmaz Red\u00fckt\u00f6r"}]},{"@type":"WebSite","@id":"https:\/\/yreduktor.eu\/#website","url":"https:\/\/yreduktor.eu\/","name":"Yilmaz Red\u00fckt\u00f6r","description":"P\u0159evodovky Yilmaz v \u010cR.","potentialAction":[{"@type":"SearchAction","target":{"@type":"EntryPoint","urlTemplate":"https:\/\/yreduktor.eu\/?s={search_term_string}"},"query-input":"required name=search_term_string"}],"inLanguage":"cs"}]}},"lang":"pl","translations":{"cs":1249,"pl":1173,"en":214},"jetpack_sharing_enabled":true,"pll_sync_post":[],"_links":{"self":[{"href":"https:\/\/www.yreduktor.eu\/index.php\/wp-json\/wp\/v2\/pages\/1173"}],"collection":[{"href":"https:\/\/www.yreduktor.eu\/index.php\/wp-json\/wp\/v2\/pages"}],"about":[{"href":"https:\/\/www.yreduktor.eu\/index.php\/wp-json\/wp\/v2\/types\/page"}],"author":[{"embeddable":true,"href":"https:\/\/www.yreduktor.eu\/index.php\/wp-json\/wp\/v2\/users\/1"}],"replies":[{"embeddable":true,"href":"https:\/\/www.yreduktor.eu\/index.php\/wp-json\/wp\/v2\/comments?post=1173"}],"version-history":[{"count":7,"href":"https:\/\/www.yreduktor.eu\/index.php\/wp-json\/wp\/v2\/pages\/1173\/revisions"}],"predecessor-version":[{"id":1421,"href":"https:\/\/www.yreduktor.eu\/index.php\/wp-json\/wp\/v2\/pages\/1173\/revisions\/1421"}],"up":[{"embeddable":true,"href":"https:\/\/www.yreduktor.eu\/index.php\/wp-json\/wp\/v2\/pages\/1161"}],"wp:attachment":[{"href":"https:\/\/www.yreduktor.eu\/index.php\/wp-json\/wp\/v2\/media?parent=1173"}],"curies":[{"name":"wp","href":"https:\/\/api.w.org\/{rel}","templated":true}]}}